{"id":85,"date":"2017-11-11T11:05:09","date_gmt":"2017-11-11T10:05:09","guid":{"rendered":"http:\/\/taoravao.com\/?page_id=85"},"modified":"2017-11-27T00:25:05","modified_gmt":"2017-11-26T23:25:05","slug":"musique-de-film","status":"publish","type":"page","link":"https:\/\/taoravao.com\/index.php\/discographie\/musique-de-film\/","title":{"rendered":"Musique de film"},"content":{"rendered":"<p>2012 <strong>\u00ab\u00a0Jim Thompson, le Polar dans la peau\u00a0\u00bb<\/strong> &#8211; 52 mn &#8211; de Richard Hamon<\/p>\n<p style=\"text-align: center;\"><strong><a href=\"http:\/\/www.vivement-lundi.com\/vivement-lundi\/Jim-Thompson.html\" target=\"_blank\" rel=\"noopener\"><img loading=\"lazy\" decoding=\"async\" class=\"aligncenter wp-image-86 size-full\" title=\"Acheter le DVD\" src=\"https:\/\/taoravao.com\/wp-content\/uploads\/2017\/11\/DVD-Jim-Thomson.png\" alt=\"Jim Thompson, le polar dans la peau\" width=\"196\" height=\"280\" \/><\/a><\/strong><a href=\"http:\/\/www.vivement-lundi.com\/vivement-lundi\/Jim-Thompson.html\" target=\"_blank\" rel=\"noopener\"><strong>Acheter le DVD<\/strong><\/a><\/p>\n<p style=\"text-align: left;\"><cite>\u00ab\u00a0Le temps d\u2019une enqu\u00eate qui m\u00e8ne le r\u00e9alisateur\/lecteur de Paris \u00e0 Anadarko dans l\u2019Oklahoma, le film nous entra\u00eene aux origines de la noirceur de l\u2019\u00e9criture de Jim Thompson.\u00a0\u00bb<br \/>\n<a href=\"http:\/\/www.imdb.com\/name\/nm4849880\/\" target=\"_blank\" rel=\"noopener\"><img loading=\"lazy\" decoding=\"async\" class=\"aligncenter wp-image-291 size-full\" title=\"Tao Ravao sur IMDb\" src=\"https:\/\/taoravao.com\/wp-content\/uploads\/2017\/11\/IMDB_Logo-e1510871409533.png\" alt=\"IMDb\" width=\"75\" height=\"39\" \/><\/a><\/cite><strong>Extrait :<\/strong><\/p>\n<p style=\"text-align: center;\"><iframe loading=\"lazy\" src=\"\/\/www.dailymotion.com\/embed\/video\/xxobsc\" width=\"480\" height=\"270\" frameborder=\"0\" allowfullscreen=\"allowfullscreen\"><span class=\"mce_SELRES_start\" data-mce-type=\"bookmark\" style=\"display: inline-block; width: 0px; overflow: hidden; line-height: 0;\">\ufeff<\/span><\/iframe>\/&gt;<\/p>\n","protected":false},"excerpt":{"rendered":"<p>2012 \u00ab\u00a0Jim Thompson, le Polar dans la peau\u00a0\u00bb &#8211; 52 mn &#8211; de Richard Hamon Acheter le DVD \u00ab\u00a0Le temps d\u2019une enqu\u00eate qui m\u00e8ne le r\u00e9alisateur\/lecteur de Paris \u00e0 Anadarko dans l\u2019Oklahoma, le film nous entra\u00eene aux origines de la &hellip; <a href=\"https:\/\/taoravao.com\/index.php\/discographie\/musique-de-film\/\">Continuer la lecture <span class=\"meta-nav\">&rarr;<\/span><\/a><\/p>\n","protected":false},"author":1,"featured_media":0,"parent":16,"menu_order":0,"comment_status":"closed","ping_status":"closed","template":"","meta":{"footnotes":""},"class_list":["post-85","page","type-page","status-publish","hentry"],"yoast_head":"<!-- This site is optimized with the Yoast SEO plugin v27.3 - https:\/\/yoast.com\/product\/yoast-seo-wordpress\/ -->\n<title>Musique de film &#8226; taoravao.com<\/title>\n<meta name=\"robots\" content=\"index, follow, max-snippet:-1, max-image-preview:large, max-video-preview:-1\" \/>\n<link rel=\"canonical\" href=\"https:\/\/taoravao.com\/index.php\/discographie\/musique-de-film\/\" \/>\n<meta property=\"og:locale\" content=\"fr_FR\" \/>\n<meta property=\"og:type\" content=\"article\" \/>\n<meta property=\"og:title\" content=\"Musique de film &#8226; taoravao.com\" \/>\n<meta property=\"og:description\" content=\"2012 \u00ab\u00a0Jim Thompson, le Polar dans la peau\u00a0\u00bb &#8211; 52 mn &#8211; de Richard Hamon Acheter le DVD \u00ab\u00a0Le temps d\u2019une enqu\u00eate qui m\u00e8ne le r\u00e9alisateur\/lecteur de Paris \u00e0 Anadarko dans l\u2019Oklahoma, le film nous entra\u00eene aux origines de la &hellip; Continuer la lecture &rarr;\" \/>\n<meta property=\"og:url\" content=\"https:\/\/taoravao.com\/index.php\/discographie\/musique-de-film\/\" \/>\n<meta property=\"og:site_name\" content=\"taoravao.com\" \/>\n<meta property=\"article:publisher\" content=\"https:\/\/www.facebook.com\/tao.ravao\" \/>\n<meta property=\"article:modified_time\" content=\"2017-11-26T23:25:05+00:00\" \/>\n<meta property=\"og:image\" content=\"http:\/\/taoravao.com\/wp-content\/uploads\/2017\/11\/DVD-Jim-Thomson.png\" \/>\n<meta name=\"twitter:card\" content=\"summary_large_image\" \/>\n<script type=\"application\/ld+json\" class=\"yoast-schema-graph\">{\"@context\":\"https:\\\/\\\/schema.org\",\"@graph\":[{\"@type\":\"WebPage\",\"@id\":\"https:\\\/\\\/taoravao.com\\\/index.php\\\/discographie\\\/musique-de-film\\\/\",\"url\":\"https:\\\/\\\/taoravao.com\\\/index.php\\\/discographie\\\/musique-de-film\\\/\",\"name\":\"Musique de film &#8226; taoravao.com\",\"isPartOf\":{\"@id\":\"https:\\\/\\\/taoravao.com\\\/#website\"},\"primaryImageOfPage\":{\"@id\":\"https:\\\/\\\/taoravao.com\\\/index.php\\\/discographie\\\/musique-de-film\\\/#primaryimage\"},\"image\":{\"@id\":\"https:\\\/\\\/taoravao.com\\\/index.php\\\/discographie\\\/musique-de-film\\\/#primaryimage\"},\"thumbnailUrl\":\"http:\\\/\\\/taoravao.com\\\/wp-content\\\/uploads\\\/2017\\\/11\\\/DVD-Jim-Thomson.png\",\"datePublished\":\"2017-11-11T10:05:09+00:00\",\"dateModified\":\"2017-11-26T23:25:05+00:00\",\"breadcrumb\":{\"@id\":\"https:\\\/\\\/taoravao.com\\\/index.php\\\/discographie\\\/musique-de-film\\\/#breadcrumb\"},\"inLanguage\":\"fr-FR\",\"potentialAction\":[{\"@type\":\"ReadAction\",\"target\":[\"https:\\\/\\\/taoravao.com\\\/index.php\\\/discographie\\\/musique-de-film\\\/\"]}]},{\"@type\":\"ImageObject\",\"inLanguage\":\"fr-FR\",\"@id\":\"https:\\\/\\\/taoravao.com\\\/index.php\\\/discographie\\\/musique-de-film\\\/#primaryimage\",\"url\":\"https:\\\/\\\/taoravao.com\\\/wp-content\\\/uploads\\\/2017\\\/11\\\/DVD-Jim-Thomson.png\",\"contentUrl\":\"https:\\\/\\\/taoravao.com\\\/wp-content\\\/uploads\\\/2017\\\/11\\\/DVD-Jim-Thomson.png\",\"width\":196,\"height\":280},{\"@type\":\"BreadcrumbList\",\"@id\":\"https:\\\/\\\/taoravao.com\\\/index.php\\\/discographie\\\/musique-de-film\\\/#breadcrumb\",\"itemListElement\":[{\"@type\":\"ListItem\",\"position\":1,\"name\":\"Accueil\",\"item\":\"https:\\\/\\\/taoravao.com\\\/\"},{\"@type\":\"ListItem\",\"position\":2,\"name\":\"DISCOGRAPHIE\",\"item\":\"https:\\\/\\\/taoravao.com\\\/index.php\\\/discographie\\\/\"},{\"@type\":\"ListItem\",\"position\":3,\"name\":\"Musique de film\"}]},{\"@type\":\"WebSite\",\"@id\":\"https:\\\/\\\/taoravao.com\\\/#website\",\"url\":\"https:\\\/\\\/taoravao.com\\\/\",\"name\":\"taoravao.com\",\"description\":\".:: Racines Crois\u00e9es ::. Crossover .:: Tao Ravao\",\"publisher\":{\"@id\":\"https:\\\/\\\/taoravao.com\\\/#\\\/schema\\\/person\\\/d7bc9657a7ebef05f83d4ec677dcb67f\"},\"potentialAction\":[{\"@type\":\"SearchAction\",\"target\":{\"@type\":\"EntryPoint\",\"urlTemplate\":\"https:\\\/\\\/taoravao.com\\\/?s={search_term_string}\"},\"query-input\":{\"@type\":\"PropertyValueSpecification\",\"valueRequired\":true,\"valueName\":\"search_term_string\"}}],\"inLanguage\":\"fr-FR\"},{\"@type\":[\"Person\",\"Organization\"],\"@id\":\"https:\\\/\\\/taoravao.com\\\/#\\\/schema\\\/person\\\/d7bc9657a7ebef05f83d4ec677dcb67f\",\"name\":\"Tao Ravao\",\"image\":{\"@type\":\"ImageObject\",\"inLanguage\":\"fr-FR\",\"@id\":\"https:\\\/\\\/secure.gravatar.com\\\/avatar\\\/109d540ccbbf002726bfd6e50bc49a1a88b06858ed302ec48b5f98b88527c8b1?s=96&d=mm&r=g\",\"url\":\"https:\\\/\\\/secure.gravatar.com\\\/avatar\\\/109d540ccbbf002726bfd6e50bc49a1a88b06858ed302ec48b5f98b88527c8b1?s=96&d=mm&r=g\",\"contentUrl\":\"https:\\\/\\\/secure.gravatar.com\\\/avatar\\\/109d540ccbbf002726bfd6e50bc49a1a88b06858ed302ec48b5f98b88527c8b1?s=96&d=mm&r=g\",\"caption\":\"Tao Ravao\"},\"logo\":{\"@id\":\"https:\\\/\\\/secure.gravatar.com\\\/avatar\\\/109d540ccbbf002726bfd6e50bc49a1a88b06858ed302ec48b5f98b88527c8b1?s=96&d=mm&r=g\"},\"sameAs\":[\"http:\\\/\\\/www.taoravao.com\",\"https:\\\/\\\/www.facebook.com\\\/tao.ravao\"]}]}<\/script>\n<!-- \/ Yoast SEO plugin. -->","yoast_head_json":{"title":"Musique de film &#8226; taoravao.com","robots":{"index":"index","follow":"follow","max-snippet":"max-snippet:-1","max-image-preview":"max-image-preview:large","max-video-preview":"max-video-preview:-1"},"canonical":"https:\/\/taoravao.com\/index.php\/discographie\/musique-de-film\/","og_locale":"fr_FR","og_type":"article","og_title":"Musique de film &#8226; taoravao.com","og_description":"2012 \u00ab\u00a0Jim Thompson, le Polar dans la peau\u00a0\u00bb &#8211; 52 mn &#8211; de Richard Hamon Acheter le DVD \u00ab\u00a0Le temps d\u2019une enqu\u00eate qui m\u00e8ne le r\u00e9alisateur\/lecteur de Paris \u00e0 Anadarko dans l\u2019Oklahoma, le film nous entra\u00eene aux origines de la &hellip; Continuer la lecture &rarr;","og_url":"https:\/\/taoravao.com\/index.php\/discographie\/musique-de-film\/","og_site_name":"taoravao.com","article_publisher":"https:\/\/www.facebook.com\/tao.ravao","article_modified_time":"2017-11-26T23:25:05+00:00","og_image":[{"url":"http:\/\/taoravao.com\/wp-content\/uploads\/2017\/11\/DVD-Jim-Thomson.png","type":"","width":"","height":""}],"twitter_card":"summary_large_image","schema":{"@context":"https:\/\/schema.org","@graph":[{"@type":"WebPage","@id":"https:\/\/taoravao.com\/index.php\/discographie\/musique-de-film\/","url":"https:\/\/taoravao.com\/index.php\/discographie\/musique-de-film\/","name":"Musique de film &#8226; taoravao.com","isPartOf":{"@id":"https:\/\/taoravao.com\/#website"},"primaryImageOfPage":{"@id":"https:\/\/taoravao.com\/index.php\/discographie\/musique-de-film\/#primaryimage"},"image":{"@id":"https:\/\/taoravao.com\/index.php\/discographie\/musique-de-film\/#primaryimage"},"thumbnailUrl":"http:\/\/taoravao.com\/wp-content\/uploads\/2017\/11\/DVD-Jim-Thomson.png","datePublished":"2017-11-11T10:05:09+00:00","dateModified":"2017-11-26T23:25:05+00:00","breadcrumb":{"@id":"https:\/\/taoravao.com\/index.php\/discographie\/musique-de-film\/#breadcrumb"},"inLanguage":"fr-FR","potentialAction":[{"@type":"ReadAction","target":["https:\/\/taoravao.com\/index.php\/discographie\/musique-de-film\/"]}]},{"@type":"ImageObject","inLanguage":"fr-FR","@id":"https:\/\/taoravao.com\/index.php\/discographie\/musique-de-film\/#primaryimage","url":"https:\/\/taoravao.com\/wp-content\/uploads\/2017\/11\/DVD-Jim-Thomson.png","contentUrl":"https:\/\/taoravao.com\/wp-content\/uploads\/2017\/11\/DVD-Jim-Thomson.png","width":196,"height":280},{"@type":"BreadcrumbList","@id":"https:\/\/taoravao.com\/index.php\/discographie\/musique-de-film\/#breadcrumb","itemListElement":[{"@type":"ListItem","position":1,"name":"Accueil","item":"https:\/\/taoravao.com\/"},{"@type":"ListItem","position":2,"name":"DISCOGRAPHIE","item":"https:\/\/taoravao.com\/index.php\/discographie\/"},{"@type":"ListItem","position":3,"name":"Musique de film"}]},{"@type":"WebSite","@id":"https:\/\/taoravao.com\/#website","url":"https:\/\/taoravao.com\/","name":"taoravao.com","description":".:: Racines Crois\u00e9es ::. Crossover .:: Tao Ravao","publisher":{"@id":"https:\/\/taoravao.com\/#\/schema\/person\/d7bc9657a7ebef05f83d4ec677dcb67f"},"potentialAction":[{"@type":"SearchAction","target":{"@type":"EntryPoint","urlTemplate":"https:\/\/taoravao.com\/?s={search_term_string}"},"query-input":{"@type":"PropertyValueSpecification","valueRequired":true,"valueName":"search_term_string"}}],"inLanguage":"fr-FR"},{"@type":["Person","Organization"],"@id":"https:\/\/taoravao.com\/#\/schema\/person\/d7bc9657a7ebef05f83d4ec677dcb67f","name":"Tao Ravao","image":{"@type":"ImageObject","inLanguage":"fr-FR","@id":"https:\/\/secure.gravatar.com\/avatar\/109d540ccbbf002726bfd6e50bc49a1a88b06858ed302ec48b5f98b88527c8b1?s=96&d=mm&r=g","url":"https:\/\/secure.gravatar.com\/avatar\/109d540ccbbf002726bfd6e50bc49a1a88b06858ed302ec48b5f98b88527c8b1?s=96&d=mm&r=g","contentUrl":"https:\/\/secure.gravatar.com\/avatar\/109d540ccbbf002726bfd6e50bc49a1a88b06858ed302ec48b5f98b88527c8b1?s=96&d=mm&r=g","caption":"Tao Ravao"},"logo":{"@id":"https:\/\/secure.gravatar.com\/avatar\/109d540ccbbf002726bfd6e50bc49a1a88b06858ed302ec48b5f98b88527c8b1?s=96&d=mm&r=g"},"sameAs":["http:\/\/www.taoravao.com","https:\/\/www.facebook.com\/tao.ravao"]}]}},"_links":{"self":[{"href":"https:\/\/taoravao.com\/index.php\/wp-json\/wp\/v2\/pages\/85","targetHints":{"allow":["GET"]}}],"collection":[{"href":"https:\/\/taoravao.com\/index.php\/wp-json\/wp\/v2\/pages"}],"about":[{"href":"https:\/\/taoravao.com\/index.php\/wp-json\/wp\/v2\/types\/page"}],"author":[{"embeddable":true,"href":"https:\/\/taoravao.com\/index.php\/wp-json\/wp\/v2\/users\/1"}],"replies":[{"embeddable":true,"href":"https:\/\/taoravao.com\/index.php\/wp-json\/wp\/v2\/comments?post=85"}],"version-history":[{"count":14,"href":"https:\/\/taoravao.com\/index.php\/wp-json\/wp\/v2\/pages\/85\/revisions"}],"predecessor-version":[{"id":513,"href":"https:\/\/taoravao.com\/index.php\/wp-json\/wp\/v2\/pages\/85\/revisions\/513"}],"up":[{"embeddable":true,"href":"https:\/\/taoravao.com\/index.php\/wp-json\/wp\/v2\/pages\/16"}],"wp:attachment":[{"href":"https:\/\/taoravao.com\/index.php\/wp-json\/wp\/v2\/media?parent=85"}],"curies":[{"name":"wp","href":"https:\/\/api.w.org\/{rel}","templated":true}]}}