{"id":71,"date":"2017-11-11T10:06:39","date_gmt":"2017-11-11T09:06:39","guid":{"rendered":"http:\/\/taoravao.com\/?page_id=71"},"modified":"2017-11-29T11:26:43","modified_gmt":"2017-11-29T10:26:43","slug":"vincent-bucher","status":"publish","type":"page","link":"https:\/\/taoravao.com\/index.php\/bio\/vincent-bucher\/","title":{"rendered":"Vincent BUCHER"},"content":{"rendered":"<p><img loading=\"lazy\" decoding=\"async\" class=\"alignright wp-image-466 size-medium\" title=\"Photo : Jocelyn Maill\u00e9 \/ www.Madagascar-musiques.net\" src=\"https:\/\/taoravao.com\/wp-content\/uploads\/2017\/11\/P1010139-vincent-nb-500-212x300.jpg\" alt=\"Vincent Bucher - NB\" width=\"212\" height=\"300\" srcset=\"https:\/\/taoravao.com\/wp-content\/uploads\/2017\/11\/P1010139-vincent-nb-500-212x300.jpg 212w, https:\/\/taoravao.com\/wp-content\/uploads\/2017\/11\/P1010139-vincent-nb-500.jpg 354w\" sizes=\"auto, (max-width: 212px) 100vw, 212px\" \/>N\u00e9 le 31mai 1962, Vincent Bucher decouvre le blues et l&rsquo;harmonica a l&rsquo;age de 16 ans, un an plus tard il rencontre l&rsquo;harmoniciste afro-am\u00e9ricain Sugar Blue qui le \u00ab\u00a0coachera\u00a0\u00bb et l&rsquo;initiera a la sc\u00e8ne.<\/p>\n<p>Il fait aussi la connaissance de Tao Ravao avec qui il se produit dans les rues et les m\u00e9tros parisiens puis ensuite au sein de divers groupes. Dans les ann\u00e9es 80 seul ou avec le groupe \u00ab\u00a0HOT&rsquo;CHA\u00a0\u00bb, il joue avec de nombreux bluesmen tels: Louisiana red, Eddie Shaw, Jimmy Johnson, Eddie C Campbell, Melvin Taylor etc&#8230;<\/p>\n<p>Au cours de plusieurs voyages successifs aux USA, il fr\u00e9quentera et accompagnera bon nombre de piliers de la sc\u00e8ne du Chicago Blues: Carlos Johnson, Charlie love, Lynn Jordan, Little Smokey Smothers. A Chicago, il coproduit \u00e9galement deux albums de l&rsquo;harmoniciste chanteur Matthwew Skoller.<\/p>\n<p>En France, Vincent tourne et enregistre avec des artistes hexagonaux tels Bill Deraime et Charl\u00e9lie Couture. Au fil des ans, Vincent d\u00e9veloppe un int\u00e9r\u00eat pour diff\u00e9rents types de musiques africaines qu&rsquo;il ressent comme \u00ab\u00a0cousines\u00a0\u00bb du Blues; cela l&rsquo;am\u00e8nera \u00e0 des voyages en Afrique et ailleurs, des tourn\u00e9es et des enregistrements avec des musiciens comme Lobi Traor\u00e9, Adama Namakoro Foumba, Faytinga, Janet n&rsquo;Dyaye etc&#8230;<\/p>\n<p>A l&rsquo;heure, parall\u00e8llement a sa collaboration avec Tao, Vincent accompagne sur sc\u00e8ne et sur disque le grand Boubacar Traor\u00e9. Ces diff\u00e9rentes rencontres permettent a Vincent de s&rsquo;exprimer a l&rsquo;aide de ce petit instrument qu&rsquo;est l&rsquo;harmonica sur des musiques d&rsquo;horizons divers mais au \u00ab\u00a0feeling\u00a0\u00bbsimilaire.<\/p>\n<p><img loading=\"lazy\" decoding=\"async\" class=\"size-full wp-image-524 aligncenter\" src=\"https:\/\/taoravao.com\/wp-content\/uploads\/2017\/11\/Harmonica-Vincent-Bucher.png\" alt=\"\" width=\"157\" height=\"100\" \/><\/p>\n","protected":false},"excerpt":{"rendered":"<p>N\u00e9 le 31mai 1962, Vincent Bucher decouvre le blues et l&rsquo;harmonica a l&rsquo;age de 16 ans, un an plus tard il rencontre l&rsquo;harmoniciste afro-am\u00e9ricain Sugar Blue qui le \u00ab\u00a0coachera\u00a0\u00bb et l&rsquo;initiera a la sc\u00e8ne. Il fait aussi la connaissance de &hellip; <a href=\"https:\/\/taoravao.com\/index.php\/bio\/vincent-bucher\/\">Continuer la lecture <span class=\"meta-nav\">&rarr;<\/span><\/a><\/p>\n","protected":false},"author":1,"featured_media":0,"parent":2,"menu_order":0,"comment_status":"closed","ping_status":"closed","template":"","meta":{"footnotes":""},"class_list":["post-71","page","type-page","status-publish","hentry"],"yoast_head":"<!-- This site is optimized with the Yoast SEO plugin v27.3 - https:\/\/yoast.com\/product\/yoast-seo-wordpress\/ -->\n<title>Vincent BUCHER &#8226; taoravao.com<\/title>\n<meta name=\"robots\" content=\"index, follow, max-snippet:-1, max-image-preview:large, max-video-preview:-1\" \/>\n<link rel=\"canonical\" href=\"https:\/\/taoravao.com\/index.php\/bio\/vincent-bucher\/\" \/>\n<meta property=\"og:locale\" content=\"fr_FR\" \/>\n<meta property=\"og:type\" content=\"article\" \/>\n<meta property=\"og:title\" content=\"Vincent BUCHER &#8226; taoravao.com\" \/>\n<meta property=\"og:description\" content=\"N\u00e9 le 31mai 1962, Vincent Bucher decouvre le blues et l&rsquo;harmonica a l&rsquo;age de 16 ans, un an plus tard il rencontre l&rsquo;harmoniciste afro-am\u00e9ricain Sugar Blue qui le \u00ab\u00a0coachera\u00a0\u00bb et l&rsquo;initiera a la sc\u00e8ne. Il fait aussi la connaissance de &hellip; Continuer la lecture &rarr;\" \/>\n<meta property=\"og:url\" content=\"https:\/\/taoravao.com\/index.php\/bio\/vincent-bucher\/\" \/>\n<meta property=\"og:site_name\" content=\"taoravao.com\" \/>\n<meta property=\"article:publisher\" content=\"https:\/\/www.facebook.com\/tao.ravao\" \/>\n<meta property=\"article:modified_time\" content=\"2017-11-29T10:26:43+00:00\" \/>\n<meta property=\"og:image\" content=\"http:\/\/taoravao.com\/wp-content\/uploads\/2017\/11\/P1010139-vincent-nb-500-212x300.jpg\" \/>\n<meta name=\"twitter:card\" content=\"summary_large_image\" \/>\n<meta name=\"twitter:label1\" content=\"Dur\u00e9e de lecture estim\u00e9e\" \/>\n\t<meta name=\"twitter:data1\" content=\"1 minute\" \/>\n<script type=\"application\/ld+json\" class=\"yoast-schema-graph\">{\"@context\":\"https:\\\/\\\/schema.org\",\"@graph\":[{\"@type\":\"WebPage\",\"@id\":\"https:\\\/\\\/taoravao.com\\\/index.php\\\/bio\\\/vincent-bucher\\\/\",\"url\":\"https:\\\/\\\/taoravao.com\\\/index.php\\\/bio\\\/vincent-bucher\\\/\",\"name\":\"Vincent BUCHER &#8226; taoravao.com\",\"isPartOf\":{\"@id\":\"https:\\\/\\\/taoravao.com\\\/#website\"},\"primaryImageOfPage\":{\"@id\":\"https:\\\/\\\/taoravao.com\\\/index.php\\\/bio\\\/vincent-bucher\\\/#primaryimage\"},\"image\":{\"@id\":\"https:\\\/\\\/taoravao.com\\\/index.php\\\/bio\\\/vincent-bucher\\\/#primaryimage\"},\"thumbnailUrl\":\"http:\\\/\\\/taoravao.com\\\/wp-content\\\/uploads\\\/2017\\\/11\\\/P1010139-vincent-nb-500-212x300.jpg\",\"datePublished\":\"2017-11-11T09:06:39+00:00\",\"dateModified\":\"2017-11-29T10:26:43+00:00\",\"breadcrumb\":{\"@id\":\"https:\\\/\\\/taoravao.com\\\/index.php\\\/bio\\\/vincent-bucher\\\/#breadcrumb\"},\"inLanguage\":\"fr-FR\",\"potentialAction\":[{\"@type\":\"ReadAction\",\"target\":[\"https:\\\/\\\/taoravao.com\\\/index.php\\\/bio\\\/vincent-bucher\\\/\"]}]},{\"@type\":\"ImageObject\",\"inLanguage\":\"fr-FR\",\"@id\":\"https:\\\/\\\/taoravao.com\\\/index.php\\\/bio\\\/vincent-bucher\\\/#primaryimage\",\"url\":\"https:\\\/\\\/taoravao.com\\\/wp-content\\\/uploads\\\/2017\\\/11\\\/P1010139-vincent-nb-500.jpg\",\"contentUrl\":\"https:\\\/\\\/taoravao.com\\\/wp-content\\\/uploads\\\/2017\\\/11\\\/P1010139-vincent-nb-500.jpg\",\"width\":354,\"height\":500},{\"@type\":\"BreadcrumbList\",\"@id\":\"https:\\\/\\\/taoravao.com\\\/index.php\\\/bio\\\/vincent-bucher\\\/#breadcrumb\",\"itemListElement\":[{\"@type\":\"ListItem\",\"position\":1,\"name\":\"Accueil\",\"item\":\"https:\\\/\\\/taoravao.com\\\/\"},{\"@type\":\"ListItem\",\"position\":2,\"name\":\"BIO TAO\",\"item\":\"https:\\\/\\\/taoravao.com\\\/index.php\\\/bio\\\/\"},{\"@type\":\"ListItem\",\"position\":3,\"name\":\"Vincent BUCHER\"}]},{\"@type\":\"WebSite\",\"@id\":\"https:\\\/\\\/taoravao.com\\\/#website\",\"url\":\"https:\\\/\\\/taoravao.com\\\/\",\"name\":\"taoravao.com\",\"description\":\".:: Racines Crois\u00e9es ::. Crossover .:: Tao Ravao\",\"publisher\":{\"@id\":\"https:\\\/\\\/taoravao.com\\\/#\\\/schema\\\/person\\\/d7bc9657a7ebef05f83d4ec677dcb67f\"},\"potentialAction\":[{\"@type\":\"SearchAction\",\"target\":{\"@type\":\"EntryPoint\",\"urlTemplate\":\"https:\\\/\\\/taoravao.com\\\/?s={search_term_string}\"},\"query-input\":{\"@type\":\"PropertyValueSpecification\",\"valueRequired\":true,\"valueName\":\"search_term_string\"}}],\"inLanguage\":\"fr-FR\"},{\"@type\":[\"Person\",\"Organization\"],\"@id\":\"https:\\\/\\\/taoravao.com\\\/#\\\/schema\\\/person\\\/d7bc9657a7ebef05f83d4ec677dcb67f\",\"name\":\"Tao Ravao\",\"image\":{\"@type\":\"ImageObject\",\"inLanguage\":\"fr-FR\",\"@id\":\"https:\\\/\\\/secure.gravatar.com\\\/avatar\\\/109d540ccbbf002726bfd6e50bc49a1a88b06858ed302ec48b5f98b88527c8b1?s=96&d=mm&r=g\",\"url\":\"https:\\\/\\\/secure.gravatar.com\\\/avatar\\\/109d540ccbbf002726bfd6e50bc49a1a88b06858ed302ec48b5f98b88527c8b1?s=96&d=mm&r=g\",\"contentUrl\":\"https:\\\/\\\/secure.gravatar.com\\\/avatar\\\/109d540ccbbf002726bfd6e50bc49a1a88b06858ed302ec48b5f98b88527c8b1?s=96&d=mm&r=g\",\"caption\":\"Tao Ravao\"},\"logo\":{\"@id\":\"https:\\\/\\\/secure.gravatar.com\\\/avatar\\\/109d540ccbbf002726bfd6e50bc49a1a88b06858ed302ec48b5f98b88527c8b1?s=96&d=mm&r=g\"},\"sameAs\":[\"http:\\\/\\\/www.taoravao.com\",\"https:\\\/\\\/www.facebook.com\\\/tao.ravao\"]}]}<\/script>\n<!-- \/ Yoast SEO plugin. -->","yoast_head_json":{"title":"Vincent BUCHER &#8226; taoravao.com","robots":{"index":"index","follow":"follow","max-snippet":"max-snippet:-1","max-image-preview":"max-image-preview:large","max-video-preview":"max-video-preview:-1"},"canonical":"https:\/\/taoravao.com\/index.php\/bio\/vincent-bucher\/","og_locale":"fr_FR","og_type":"article","og_title":"Vincent BUCHER &#8226; taoravao.com","og_description":"N\u00e9 le 31mai 1962, Vincent Bucher decouvre le blues et l&rsquo;harmonica a l&rsquo;age de 16 ans, un an plus tard il rencontre l&rsquo;harmoniciste afro-am\u00e9ricain Sugar Blue qui le \u00ab\u00a0coachera\u00a0\u00bb et l&rsquo;initiera a la sc\u00e8ne. Il fait aussi la connaissance de &hellip; Continuer la lecture &rarr;","og_url":"https:\/\/taoravao.com\/index.php\/bio\/vincent-bucher\/","og_site_name":"taoravao.com","article_publisher":"https:\/\/www.facebook.com\/tao.ravao","article_modified_time":"2017-11-29T10:26:43+00:00","og_image":[{"url":"http:\/\/taoravao.com\/wp-content\/uploads\/2017\/11\/P1010139-vincent-nb-500-212x300.jpg","type":"","width":"","height":""}],"twitter_card":"summary_large_image","twitter_misc":{"Dur\u00e9e de lecture estim\u00e9e":"1 minute"},"schema":{"@context":"https:\/\/schema.org","@graph":[{"@type":"WebPage","@id":"https:\/\/taoravao.com\/index.php\/bio\/vincent-bucher\/","url":"https:\/\/taoravao.com\/index.php\/bio\/vincent-bucher\/","name":"Vincent BUCHER &#8226; taoravao.com","isPartOf":{"@id":"https:\/\/taoravao.com\/#website"},"primaryImageOfPage":{"@id":"https:\/\/taoravao.com\/index.php\/bio\/vincent-bucher\/#primaryimage"},"image":{"@id":"https:\/\/taoravao.com\/index.php\/bio\/vincent-bucher\/#primaryimage"},"thumbnailUrl":"http:\/\/taoravao.com\/wp-content\/uploads\/2017\/11\/P1010139-vincent-nb-500-212x300.jpg","datePublished":"2017-11-11T09:06:39+00:00","dateModified":"2017-11-29T10:26:43+00:00","breadcrumb":{"@id":"https:\/\/taoravao.com\/index.php\/bio\/vincent-bucher\/#breadcrumb"},"inLanguage":"fr-FR","potentialAction":[{"@type":"ReadAction","target":["https:\/\/taoravao.com\/index.php\/bio\/vincent-bucher\/"]}]},{"@type":"ImageObject","inLanguage":"fr-FR","@id":"https:\/\/taoravao.com\/index.php\/bio\/vincent-bucher\/#primaryimage","url":"https:\/\/taoravao.com\/wp-content\/uploads\/2017\/11\/P1010139-vincent-nb-500.jpg","contentUrl":"https:\/\/taoravao.com\/wp-content\/uploads\/2017\/11\/P1010139-vincent-nb-500.jpg","width":354,"height":500},{"@type":"BreadcrumbList","@id":"https:\/\/taoravao.com\/index.php\/bio\/vincent-bucher\/#breadcrumb","itemListElement":[{"@type":"ListItem","position":1,"name":"Accueil","item":"https:\/\/taoravao.com\/"},{"@type":"ListItem","position":2,"name":"BIO TAO","item":"https:\/\/taoravao.com\/index.php\/bio\/"},{"@type":"ListItem","position":3,"name":"Vincent BUCHER"}]},{"@type":"WebSite","@id":"https:\/\/taoravao.com\/#website","url":"https:\/\/taoravao.com\/","name":"taoravao.com","description":".:: Racines Crois\u00e9es ::. Crossover .:: Tao Ravao","publisher":{"@id":"https:\/\/taoravao.com\/#\/schema\/person\/d7bc9657a7ebef05f83d4ec677dcb67f"},"potentialAction":[{"@type":"SearchAction","target":{"@type":"EntryPoint","urlTemplate":"https:\/\/taoravao.com\/?s={search_term_string}"},"query-input":{"@type":"PropertyValueSpecification","valueRequired":true,"valueName":"search_term_string"}}],"inLanguage":"fr-FR"},{"@type":["Person","Organization"],"@id":"https:\/\/taoravao.com\/#\/schema\/person\/d7bc9657a7ebef05f83d4ec677dcb67f","name":"Tao Ravao","image":{"@type":"ImageObject","inLanguage":"fr-FR","@id":"https:\/\/secure.gravatar.com\/avatar\/109d540ccbbf002726bfd6e50bc49a1a88b06858ed302ec48b5f98b88527c8b1?s=96&d=mm&r=g","url":"https:\/\/secure.gravatar.com\/avatar\/109d540ccbbf002726bfd6e50bc49a1a88b06858ed302ec48b5f98b88527c8b1?s=96&d=mm&r=g","contentUrl":"https:\/\/secure.gravatar.com\/avatar\/109d540ccbbf002726bfd6e50bc49a1a88b06858ed302ec48b5f98b88527c8b1?s=96&d=mm&r=g","caption":"Tao Ravao"},"logo":{"@id":"https:\/\/secure.gravatar.com\/avatar\/109d540ccbbf002726bfd6e50bc49a1a88b06858ed302ec48b5f98b88527c8b1?s=96&d=mm&r=g"},"sameAs":["http:\/\/www.taoravao.com","https:\/\/www.facebook.com\/tao.ravao"]}]}},"_links":{"self":[{"href":"https:\/\/taoravao.com\/index.php\/wp-json\/wp\/v2\/pages\/71","targetHints":{"allow":["GET"]}}],"collection":[{"href":"https:\/\/taoravao.com\/index.php\/wp-json\/wp\/v2\/pages"}],"about":[{"href":"https:\/\/taoravao.com\/index.php\/wp-json\/wp\/v2\/types\/page"}],"author":[{"embeddable":true,"href":"https:\/\/taoravao.com\/index.php\/wp-json\/wp\/v2\/users\/1"}],"replies":[{"embeddable":true,"href":"https:\/\/taoravao.com\/index.php\/wp-json\/wp\/v2\/comments?post=71"}],"version-history":[{"count":7,"href":"https:\/\/taoravao.com\/index.php\/wp-json\/wp\/v2\/pages\/71\/revisions"}],"predecessor-version":[{"id":525,"href":"https:\/\/taoravao.com\/index.php\/wp-json\/wp\/v2\/pages\/71\/revisions\/525"}],"up":[{"embeddable":true,"href":"https:\/\/taoravao.com\/index.php\/wp-json\/wp\/v2\/pages\/2"}],"wp:attachment":[{"href":"https:\/\/taoravao.com\/index.php\/wp-json\/wp\/v2\/media?parent=71"}],"curies":[{"name":"wp","href":"https:\/\/api.w.org\/{rel}","templated":true}]}}