{"id":56,"date":"2017-11-10T21:40:44","date_gmt":"2017-11-10T20:40:44","guid":{"rendered":"http:\/\/taoravao.com\/?page_id=56"},"modified":"2017-11-22T14:29:14","modified_gmt":"2017-11-22T13:29:14","slug":"parfois-le-vide","status":"publish","type":"page","link":"https:\/\/taoravao.com\/index.php\/theatre\/parfois-le-vide\/","title":{"rendered":"PARFOIS LE VIDE"},"content":{"rendered":"<p><img loading=\"lazy\" decoding=\"async\" class=\"aligncenter wp-image-157 size-large\" title=\"Photo : Jocelyn Maill\u00e9 \/ www.Madagascar-musiques.net\" src=\"https:\/\/taoravao.com\/wp-content\/uploads\/2017\/11\/IMG_2904-parfoislevide-1024x636.jpg\" alt=\"Parfois le vide \" width=\"584\" height=\"363\" srcset=\"https:\/\/taoravao.com\/wp-content\/uploads\/2017\/11\/IMG_2904-parfoislevide-1024x636.jpg 1024w, https:\/\/taoravao.com\/wp-content\/uploads\/2017\/11\/IMG_2904-parfoislevide-300x186.jpg 300w, https:\/\/taoravao.com\/wp-content\/uploads\/2017\/11\/IMG_2904-parfoislevide-768x477.jpg 768w, https:\/\/taoravao.com\/wp-content\/uploads\/2017\/11\/IMG_2904-parfoislevide-483x300.jpg 483w\" sizes=\"auto, (max-width: 584px) 100vw, 584px\" \/><span style=\"color: #651c01;\"><strong>Texte : Raharimanana<br \/>\nMusique : Tao Ravao (cordes) Jean-Christophe Feldhandler (percussions)<br \/>\nInterpr\u00e9tation : Raharimanana (voix) G\u00e9raldine Keller (voix, chant)<\/strong><\/span><\/p>\n<p><em>\u00ab\u00a0Un personnage, entre les eaux et le ciel, parfois oiseau, souvent noy\u00e9\/nageur. Il va vers, ou peut-\u00eatre qu\u2019il fuit\u2026 on dit qu\u2019il migre. Appartient-il \u00e0 une terre, \u00e0 un pays ? Mais il n\u2019y a de plus de pays depuis que les dirigeants ont tout vendu, l\u2019eau comme l\u2019air, les dessous de terre comme les fronti\u00e8res, les dessous de ciel comme les horizons.<\/em><br \/>\n<em> Un personnage, entre les eaux et le ciel, parfois r\u00eave, souvent utopie\/illusion. Il va vers, ou peut-\u00eatre qu\u2019il d\u00e9rive\u2026 on dit qu\u2019il envahit. Il converse avec son double noy\u00e9 dans l\u2019ombre et l\u2019obscur.<\/em><br \/>\n\u00ab <em>Voleurs de songes, Je suis de la horde des voleurs de songes, je suis de la horde des ripailleurs de voix, je suis de la horde des orpailleurs d&rsquo;histoire, je ne suis pas, je suis, je ne vis pas, je vis, je n&rsquo;existe pas, j&rsquo;existe, je ne vis pas, je vous vise, je n&rsquo;existe pas, je vous exige<\/em> (\u2026)<br \/>\n<em> Faire acte po\u00e9tique en prenant la voix et le plateau, ramener d\u2019autres complices pour dire ce monde scandaleux, notre monde, d\u2019aujourd\u2019hui, d\u2019hier d\u00e9j\u00e0\u2026<\/em> (Raharimanana)<\/p>\n<div id=\"attachment_260\" style=\"width: 310px\" class=\"wp-caption aligncenter\"><img loading=\"lazy\" decoding=\"async\" aria-describedby=\"caption-attachment-260\" class=\"wp-image-260 size-medium\" title=\"Photo : Jocelyn Maill\u00e9 \/ www.Madagascar-musiques.net\" src=\"https:\/\/taoravao.com\/wp-content\/uploads\/2017\/11\/P1130809-300x225.jpg\" alt=\"Kabosy nylon\" width=\"300\" height=\"225\" srcset=\"https:\/\/taoravao.com\/wp-content\/uploads\/2017\/11\/P1130809-300x225.jpg 300w, https:\/\/taoravao.com\/wp-content\/uploads\/2017\/11\/P1130809-768x576.jpg 768w, https:\/\/taoravao.com\/wp-content\/uploads\/2017\/11\/P1130809-1024x768.jpg 1024w, https:\/\/taoravao.com\/wp-content\/uploads\/2017\/11\/P1130809-400x300.jpg 400w\" sizes=\"auto, (max-width: 300px) 100vw, 300px\" \/><p id=\"caption-attachment-260\" class=\"wp-caption-text\">Kabosy nylon<\/p><\/div>\n<p><a href=\"\/index.php\/bio\/rahariman\"><strong>Raharimanana<\/strong><\/a>, accompagn\u00e9 de deux de ses complices, l\u2019un plus diff\u00e9rent que l\u2019autre, <a href=\"\/index.php\/bio\/\"><strong>Tao Ravao<\/strong><\/a> polyinstrumentaliste, cr\u00e9ateur du blues malgache, virtuose des instruments traditionnels, et <strong>Jean-Christophe Feldhandler,<\/strong> compositeur et percussionniste contemporain, lit <em><strong>Parfois le vide<\/strong>,<\/em> un texte \u00e9crit pour le th\u00e9\u00e2tre et la musique. Il reprend ainsi la tradition malgache des ma\u00eetres de la parole : reprendre voix et musique sur le r\u00e9cit du monde. En cela, il est accompagn\u00e9 par <strong>Geraldine Keller<\/strong>, vocaliste, artiste lyrique qui se d\u00e9finit elle-m\u00eame comme pneumo-facturi\u00e8re de mati\u00e8re sonore volatile.<\/p>\n<p><strong>Dur\u00e9e du spectacle : 60 mn<\/strong><\/p>\n<p><strong>Pr\u00e9sentation vid\u00e9o<\/strong> (au festival d&rsquo;Avignon 2016) par RFI : <strong><a href=\"https:\/\/youtu.be\/cz19nYHHGbc\">https:\/\/youtu.be\/cz19nYHHGbc<\/a><\/strong><\/p>\n<p>&nbsp;<\/p>\n","protected":false},"excerpt":{"rendered":"<p>Texte : Raharimanana Musique : Tao Ravao (cordes) Jean-Christophe Feldhandler (percussions) Interpr\u00e9tation : Raharimanana (voix) G\u00e9raldine Keller (voix, chant) \u00ab\u00a0Un personnage, entre les eaux et le ciel, parfois oiseau, souvent noy\u00e9\/nageur. Il va vers, ou peut-\u00eatre qu\u2019il fuit\u2026 on dit &hellip; <a href=\"https:\/\/taoravao.com\/index.php\/theatre\/parfois-le-vide\/\">Continuer la lecture <span class=\"meta-nav\">&rarr;<\/span><\/a><\/p>\n","protected":false},"author":1,"featured_media":0,"parent":50,"menu_order":0,"comment_status":"closed","ping_status":"closed","template":"","meta":{"footnotes":""},"class_list":["post-56","page","type-page","status-publish","hentry"],"yoast_head":"<!-- This site is optimized with the Yoast SEO plugin v27.3 - https:\/\/yoast.com\/product\/yoast-seo-wordpress\/ -->\n<title>PARFOIS LE VIDE &#8226; taoravao.com<\/title>\n<meta name=\"robots\" content=\"index, follow, max-snippet:-1, max-image-preview:large, max-video-preview:-1\" \/>\n<link rel=\"canonical\" href=\"https:\/\/taoravao.com\/index.php\/theatre\/parfois-le-vide\/\" \/>\n<meta property=\"og:locale\" content=\"fr_FR\" \/>\n<meta property=\"og:type\" content=\"article\" \/>\n<meta property=\"og:title\" content=\"PARFOIS LE VIDE &#8226; taoravao.com\" \/>\n<meta property=\"og:description\" content=\"Texte : Raharimanana Musique : Tao Ravao (cordes) Jean-Christophe Feldhandler (percussions) Interpr\u00e9tation : Raharimanana (voix) G\u00e9raldine Keller (voix, chant) \u00ab\u00a0Un personnage, entre les eaux et le ciel, parfois oiseau, souvent noy\u00e9\/nageur. Il va vers, ou peut-\u00eatre qu\u2019il fuit\u2026 on dit &hellip; Continuer la lecture &rarr;\" \/>\n<meta property=\"og:url\" content=\"https:\/\/taoravao.com\/index.php\/theatre\/parfois-le-vide\/\" \/>\n<meta property=\"og:site_name\" content=\"taoravao.com\" \/>\n<meta property=\"article:publisher\" content=\"https:\/\/www.facebook.com\/tao.ravao\" \/>\n<meta property=\"article:modified_time\" content=\"2017-11-22T13:29:14+00:00\" \/>\n<meta property=\"og:image\" content=\"http:\/\/taoravao.com\/wp-content\/uploads\/2017\/11\/IMG_2904-parfoislevide-1024x636.jpg\" \/>\n<meta name=\"twitter:card\" content=\"summary_large_image\" \/>\n<meta name=\"twitter:label1\" content=\"Dur\u00e9e de lecture estim\u00e9e\" \/>\n\t<meta name=\"twitter:data1\" content=\"2 minutes\" \/>\n<script type=\"application\/ld+json\" class=\"yoast-schema-graph\">{\"@context\":\"https:\\\/\\\/schema.org\",\"@graph\":[{\"@type\":\"WebPage\",\"@id\":\"https:\\\/\\\/taoravao.com\\\/index.php\\\/theatre\\\/parfois-le-vide\\\/\",\"url\":\"https:\\\/\\\/taoravao.com\\\/index.php\\\/theatre\\\/parfois-le-vide\\\/\",\"name\":\"PARFOIS LE VIDE &#8226; taoravao.com\",\"isPartOf\":{\"@id\":\"https:\\\/\\\/taoravao.com\\\/#website\"},\"primaryImageOfPage\":{\"@id\":\"https:\\\/\\\/taoravao.com\\\/index.php\\\/theatre\\\/parfois-le-vide\\\/#primaryimage\"},\"image\":{\"@id\":\"https:\\\/\\\/taoravao.com\\\/index.php\\\/theatre\\\/parfois-le-vide\\\/#primaryimage\"},\"thumbnailUrl\":\"http:\\\/\\\/taoravao.com\\\/wp-content\\\/uploads\\\/2017\\\/11\\\/IMG_2904-parfoislevide-1024x636.jpg\",\"datePublished\":\"2017-11-10T20:40:44+00:00\",\"dateModified\":\"2017-11-22T13:29:14+00:00\",\"breadcrumb\":{\"@id\":\"https:\\\/\\\/taoravao.com\\\/index.php\\\/theatre\\\/parfois-le-vide\\\/#breadcrumb\"},\"inLanguage\":\"fr-FR\",\"potentialAction\":[{\"@type\":\"ReadAction\",\"target\":[\"https:\\\/\\\/taoravao.com\\\/index.php\\\/theatre\\\/parfois-le-vide\\\/\"]}]},{\"@type\":\"ImageObject\",\"inLanguage\":\"fr-FR\",\"@id\":\"https:\\\/\\\/taoravao.com\\\/index.php\\\/theatre\\\/parfois-le-vide\\\/#primaryimage\",\"url\":\"https:\\\/\\\/taoravao.com\\\/wp-content\\\/uploads\\\/2017\\\/11\\\/IMG_2904-parfoislevide.jpg\",\"contentUrl\":\"https:\\\/\\\/taoravao.com\\\/wp-content\\\/uploads\\\/2017\\\/11\\\/IMG_2904-parfoislevide.jpg\",\"width\":5184,\"height\":3221},{\"@type\":\"BreadcrumbList\",\"@id\":\"https:\\\/\\\/taoravao.com\\\/index.php\\\/theatre\\\/parfois-le-vide\\\/#breadcrumb\",\"itemListElement\":[{\"@type\":\"ListItem\",\"position\":1,\"name\":\"Accueil\",\"item\":\"https:\\\/\\\/taoravao.com\\\/\"},{\"@type\":\"ListItem\",\"position\":2,\"name\":\"THE\u00c2TRE\",\"item\":\"https:\\\/\\\/taoravao.com\\\/index.php\\\/theatre\\\/\"},{\"@type\":\"ListItem\",\"position\":3,\"name\":\"PARFOIS LE VIDE\"}]},{\"@type\":\"WebSite\",\"@id\":\"https:\\\/\\\/taoravao.com\\\/#website\",\"url\":\"https:\\\/\\\/taoravao.com\\\/\",\"name\":\"taoravao.com\",\"description\":\".:: Racines Crois\u00e9es ::. Crossover .:: Tao Ravao\",\"publisher\":{\"@id\":\"https:\\\/\\\/taoravao.com\\\/#\\\/schema\\\/person\\\/d7bc9657a7ebef05f83d4ec677dcb67f\"},\"potentialAction\":[{\"@type\":\"SearchAction\",\"target\":{\"@type\":\"EntryPoint\",\"urlTemplate\":\"https:\\\/\\\/taoravao.com\\\/?s={search_term_string}\"},\"query-input\":{\"@type\":\"PropertyValueSpecification\",\"valueRequired\":true,\"valueName\":\"search_term_string\"}}],\"inLanguage\":\"fr-FR\"},{\"@type\":[\"Person\",\"Organization\"],\"@id\":\"https:\\\/\\\/taoravao.com\\\/#\\\/schema\\\/person\\\/d7bc9657a7ebef05f83d4ec677dcb67f\",\"name\":\"Tao Ravao\",\"image\":{\"@type\":\"ImageObject\",\"inLanguage\":\"fr-FR\",\"@id\":\"https:\\\/\\\/secure.gravatar.com\\\/avatar\\\/109d540ccbbf002726bfd6e50bc49a1a88b06858ed302ec48b5f98b88527c8b1?s=96&d=mm&r=g\",\"url\":\"https:\\\/\\\/secure.gravatar.com\\\/avatar\\\/109d540ccbbf002726bfd6e50bc49a1a88b06858ed302ec48b5f98b88527c8b1?s=96&d=mm&r=g\",\"contentUrl\":\"https:\\\/\\\/secure.gravatar.com\\\/avatar\\\/109d540ccbbf002726bfd6e50bc49a1a88b06858ed302ec48b5f98b88527c8b1?s=96&d=mm&r=g\",\"caption\":\"Tao Ravao\"},\"logo\":{\"@id\":\"https:\\\/\\\/secure.gravatar.com\\\/avatar\\\/109d540ccbbf002726bfd6e50bc49a1a88b06858ed302ec48b5f98b88527c8b1?s=96&d=mm&r=g\"},\"sameAs\":[\"http:\\\/\\\/www.taoravao.com\",\"https:\\\/\\\/www.facebook.com\\\/tao.ravao\"]}]}<\/script>\n<!-- \/ Yoast SEO plugin. -->","yoast_head_json":{"title":"PARFOIS LE VIDE &#8226; taoravao.com","robots":{"index":"index","follow":"follow","max-snippet":"max-snippet:-1","max-image-preview":"max-image-preview:large","max-video-preview":"max-video-preview:-1"},"canonical":"https:\/\/taoravao.com\/index.php\/theatre\/parfois-le-vide\/","og_locale":"fr_FR","og_type":"article","og_title":"PARFOIS LE VIDE &#8226; taoravao.com","og_description":"Texte : Raharimanana Musique : Tao Ravao (cordes) Jean-Christophe Feldhandler (percussions) Interpr\u00e9tation : Raharimanana (voix) G\u00e9raldine Keller (voix, chant) \u00ab\u00a0Un personnage, entre les eaux et le ciel, parfois oiseau, souvent noy\u00e9\/nageur. Il va vers, ou peut-\u00eatre qu\u2019il fuit\u2026 on dit &hellip; Continuer la lecture &rarr;","og_url":"https:\/\/taoravao.com\/index.php\/theatre\/parfois-le-vide\/","og_site_name":"taoravao.com","article_publisher":"https:\/\/www.facebook.com\/tao.ravao","article_modified_time":"2017-11-22T13:29:14+00:00","og_image":[{"url":"http:\/\/taoravao.com\/wp-content\/uploads\/2017\/11\/IMG_2904-parfoislevide-1024x636.jpg","type":"","width":"","height":""}],"twitter_card":"summary_large_image","twitter_misc":{"Dur\u00e9e de lecture estim\u00e9e":"2 minutes"},"schema":{"@context":"https:\/\/schema.org","@graph":[{"@type":"WebPage","@id":"https:\/\/taoravao.com\/index.php\/theatre\/parfois-le-vide\/","url":"https:\/\/taoravao.com\/index.php\/theatre\/parfois-le-vide\/","name":"PARFOIS LE VIDE &#8226; taoravao.com","isPartOf":{"@id":"https:\/\/taoravao.com\/#website"},"primaryImageOfPage":{"@id":"https:\/\/taoravao.com\/index.php\/theatre\/parfois-le-vide\/#primaryimage"},"image":{"@id":"https:\/\/taoravao.com\/index.php\/theatre\/parfois-le-vide\/#primaryimage"},"thumbnailUrl":"http:\/\/taoravao.com\/wp-content\/uploads\/2017\/11\/IMG_2904-parfoislevide-1024x636.jpg","datePublished":"2017-11-10T20:40:44+00:00","dateModified":"2017-11-22T13:29:14+00:00","breadcrumb":{"@id":"https:\/\/taoravao.com\/index.php\/theatre\/parfois-le-vide\/#breadcrumb"},"inLanguage":"fr-FR","potentialAction":[{"@type":"ReadAction","target":["https:\/\/taoravao.com\/index.php\/theatre\/parfois-le-vide\/"]}]},{"@type":"ImageObject","inLanguage":"fr-FR","@id":"https:\/\/taoravao.com\/index.php\/theatre\/parfois-le-vide\/#primaryimage","url":"https:\/\/taoravao.com\/wp-content\/uploads\/2017\/11\/IMG_2904-parfoislevide.jpg","contentUrl":"https:\/\/taoravao.com\/wp-content\/uploads\/2017\/11\/IMG_2904-parfoislevide.jpg","width":5184,"height":3221},{"@type":"BreadcrumbList","@id":"https:\/\/taoravao.com\/index.php\/theatre\/parfois-le-vide\/#breadcrumb","itemListElement":[{"@type":"ListItem","position":1,"name":"Accueil","item":"https:\/\/taoravao.com\/"},{"@type":"ListItem","position":2,"name":"THE\u00c2TRE","item":"https:\/\/taoravao.com\/index.php\/theatre\/"},{"@type":"ListItem","position":3,"name":"PARFOIS LE VIDE"}]},{"@type":"WebSite","@id":"https:\/\/taoravao.com\/#website","url":"https:\/\/taoravao.com\/","name":"taoravao.com","description":".:: Racines Crois\u00e9es ::. Crossover .:: Tao Ravao","publisher":{"@id":"https:\/\/taoravao.com\/#\/schema\/person\/d7bc9657a7ebef05f83d4ec677dcb67f"},"potentialAction":[{"@type":"SearchAction","target":{"@type":"EntryPoint","urlTemplate":"https:\/\/taoravao.com\/?s={search_term_string}"},"query-input":{"@type":"PropertyValueSpecification","valueRequired":true,"valueName":"search_term_string"}}],"inLanguage":"fr-FR"},{"@type":["Person","Organization"],"@id":"https:\/\/taoravao.com\/#\/schema\/person\/d7bc9657a7ebef05f83d4ec677dcb67f","name":"Tao Ravao","image":{"@type":"ImageObject","inLanguage":"fr-FR","@id":"https:\/\/secure.gravatar.com\/avatar\/109d540ccbbf002726bfd6e50bc49a1a88b06858ed302ec48b5f98b88527c8b1?s=96&d=mm&r=g","url":"https:\/\/secure.gravatar.com\/avatar\/109d540ccbbf002726bfd6e50bc49a1a88b06858ed302ec48b5f98b88527c8b1?s=96&d=mm&r=g","contentUrl":"https:\/\/secure.gravatar.com\/avatar\/109d540ccbbf002726bfd6e50bc49a1a88b06858ed302ec48b5f98b88527c8b1?s=96&d=mm&r=g","caption":"Tao Ravao"},"logo":{"@id":"https:\/\/secure.gravatar.com\/avatar\/109d540ccbbf002726bfd6e50bc49a1a88b06858ed302ec48b5f98b88527c8b1?s=96&d=mm&r=g"},"sameAs":["http:\/\/www.taoravao.com","https:\/\/www.facebook.com\/tao.ravao"]}]}},"_links":{"self":[{"href":"https:\/\/taoravao.com\/index.php\/wp-json\/wp\/v2\/pages\/56","targetHints":{"allow":["GET"]}}],"collection":[{"href":"https:\/\/taoravao.com\/index.php\/wp-json\/wp\/v2\/pages"}],"about":[{"href":"https:\/\/taoravao.com\/index.php\/wp-json\/wp\/v2\/types\/page"}],"author":[{"embeddable":true,"href":"https:\/\/taoravao.com\/index.php\/wp-json\/wp\/v2\/users\/1"}],"replies":[{"embeddable":true,"href":"https:\/\/taoravao.com\/index.php\/wp-json\/wp\/v2\/comments?post=56"}],"version-history":[{"count":12,"href":"https:\/\/taoravao.com\/index.php\/wp-json\/wp\/v2\/pages\/56\/revisions"}],"predecessor-version":[{"id":1355,"href":"https:\/\/taoravao.com\/index.php\/wp-json\/wp\/v2\/pages\/56\/revisions\/1355"}],"up":[{"embeddable":true,"href":"https:\/\/taoravao.com\/index.php\/wp-json\/wp\/v2\/pages\/50"}],"wp:attachment":[{"href":"https:\/\/taoravao.com\/index.php\/wp-json\/wp\/v2\/media?parent=56"}],"curies":[{"name":"wp","href":"https:\/\/api.w.org\/{rel}","templated":true}]}}