{"id":53,"date":"2017-11-10T21:29:06","date_gmt":"2017-11-10T20:29:06","guid":{"rendered":"http:\/\/taoravao.com\/?page_id=53"},"modified":"2021-02-21T09:58:48","modified_gmt":"2021-02-21T08:58:48","slug":"rano-rano","status":"publish","type":"page","link":"https:\/\/taoravao.com\/index.php\/theatre\/rano-rano\/","title":{"rendered":"RANO, RANO"},"content":{"rendered":"<p><img loading=\"lazy\" decoding=\"async\" class=\"aligncenter wp-image-272 size-full\" title=\"Photo : Jocelyn Maill\u00e9 \/ www.Madagascar-musiques.net\" src=\"https:\/\/taoravao.com\/wp-content\/uploads\/2017\/11\/RanoRano-2014.jpg\" alt=\"Rabo, rano - t\u00e9p\u00e9titions au Tarmac - 2014\" width=\"700\" height=\"525\" srcset=\"https:\/\/taoravao.com\/wp-content\/uploads\/2017\/11\/RanoRano-2014.jpg 700w, https:\/\/taoravao.com\/wp-content\/uploads\/2017\/11\/RanoRano-2014-300x225.jpg 300w, https:\/\/taoravao.com\/wp-content\/uploads\/2017\/11\/RanoRano-2014-400x300.jpg 400w\" sizes=\"auto, (max-width: 700px) 100vw, 700px\" \/><\/p>\n<div id=\"attachment_257\" style=\"width: 310px\" class=\"wp-caption alignright\"><img loading=\"lazy\" decoding=\"async\" aria-describedby=\"caption-attachment-257\" class=\"wp-image-257 size-medium\" title=\"Photo : Jocelyn Maill\u00e9 \/ www.Madagascar-musiques.net\" src=\"https:\/\/taoravao.com\/wp-content\/uploads\/2017\/11\/P1130718-KRAR-300x225.jpg\" alt=\"Krar\" width=\"300\" height=\"225\" srcset=\"https:\/\/taoravao.com\/wp-content\/uploads\/2017\/11\/P1130718-KRAR-300x225.jpg 300w, https:\/\/taoravao.com\/wp-content\/uploads\/2017\/11\/P1130718-KRAR-768x576.jpg 768w, https:\/\/taoravao.com\/wp-content\/uploads\/2017\/11\/P1130718-KRAR-1024x768.jpg 1024w, https:\/\/taoravao.com\/wp-content\/uploads\/2017\/11\/P1130718-KRAR-400x300.jpg 400w\" sizes=\"auto, (max-width: 300px) 100vw, 300px\" \/><p id=\"caption-attachment-257\" class=\"wp-caption-text\">Krar<\/p><\/div>\n<p><span style=\"color: #651c01;\"><strong>\u00c9crit par Raharimanana\/Tao Ravao\/Pierrot Men<br \/>\nMusique : Tao Ravao<br \/>\nMise-en-sc\u00e8ne : Raharimanana<br \/>\nPhotographies : Pierrot Men<\/strong><br \/>\nVid\u00e9o : Yann Marquis<br \/>\nLumi\u00e8res : Viviane Vermignon\/Fabrice<br \/>\nSon : Thierry Bedard\/Yann Marquis<br \/>\nConseil artistique : Thierry Bedard<\/span><\/p>\n<p><span style=\"color: #651c01;\"><strong>Distribution :<br \/>\nVoix et interpr\u00e9tation : Raharimanana<br \/>\nMusique : Tao Ravao<\/strong><\/span><\/p>\n<p><span style=\"color: #651c01;\"><strong>Productions :<\/strong> Cie SoaZara, co-production Th\u00e9\u00e2tre Les bambous, sc\u00e8ne conventionn\u00e9e\/St Beno\u00eet, La R\u00e9union,\u00a0 Athenor, sc\u00e8ne nomade\/ Saint-Nazaire, Notoire de l&rsquo;\u00e9tranger(s)\/Paris, Institut fran\u00e7ais.<\/span><\/p>\n<p><span style=\"color: #651c01;\"><strong>Soutiens : <\/strong>Festival des Francophonies en Limousin, Le Tarmac\/Paris, Festival Musiques M\u00e9tisses\/Angoul\u00eame, R\u00e9seau Afrique 37, Touraine-Madagascar, Institut fran\u00e7ais d&rsquo;Antananarivo, Institut fran\u00e7ais et ville de Nantes, Labo Men\/Fianarantsoa, EKB\/Saint-Benoit, M\u00e9diath\u00e8que\/Le Tampon, Laterit productions, Zerane confluence artistique\/Paris. Cie Miangaly\/Antananarivo.<\/span><\/p>\n<p><strong><em>Rano, rano,<\/em><\/strong> travail d\u2019\u00e9criture de longue haleine de trois grands artistes malgaches, <a href=\"\/index.php\/bio\/raharimanana\/\"><strong>Raharimanana<\/strong><\/a> (\u00e9crivain), <a href=\"\/index.php\/bio\/\"><strong>Tao\u00a0 Ravao<\/strong><\/a> (musicien), et <strong>Pierrot Men<\/strong> (photographe), est l\u2019aboutissement d\u2019un engagement sur la m\u00e9moire. M\u00e9moire \u00e0 \u00e9crire, redire et r\u00e9colter avant que les derniers t\u00e9moins de l\u2019insurrection de 1947 contre la colonisation fran\u00e7aise ne disparaissent, m\u00e9moire \u00e0 transmettre ensuite pour une r\u00e9flexion pos\u00e9e et sans concession sur une histoire que se partagent la France et Madagascar.<\/p>\n<p>Cette forme, qui allie les mots d\u2019un auteur avec les paroles des t\u00e9moins de l\u2019insurrection, r\u00e9unit trois artistes connus pour la profondeur de leurs travaux : <strong>Raharimanana<\/strong>, <strong>Tao Ravao<\/strong> et <strong>Pierrot Men<\/strong>, trois artistes incontournables \u00e0 Madagascar quand il s\u2019agit de litt\u00e9rature, de musique et de photographie.<\/p>\n<p><strong>Raharimanana<\/strong> \u00e9coute, \u00e9crit et redit les paroles, dans un va-et-vient permanent entre l\u2019\u00e9crit et l\u2019oralit\u00e9. <strong>Tao Ravao<\/strong> \u00e9coute, rejoue et r\u00e9invente les airs musicaux qui ont port\u00e9 les paroles. <strong>Pierrot Men<\/strong> \u00e9coute, observe et photographie les visages qui ont tant v\u00e9cu, capte ce que les yeux ne peuvent pas voir.<\/p>\n<p><strong>Pr\u00e9sentation vid\u00e9o :<\/strong><\/p>\n<p><iframe loading=\"lazy\" src=\"https:\/\/www.youtube.com\/embed\/HAKpJ0xKGDE\" width=\"560\" height=\"315\" frameborder=\"0\" allowfullscreen=\"allowfullscreen\"><\/iframe><\/p>\n<p><strong>Dur\u00e9e du spectacle : 1h10<\/strong><\/p>\n<p>Lire l&rsquo;entretien de Tao Ravao avec Nassuf DJAILANI de la revue Project-\u00celes :<\/p>\n<p style=\"text-align: center;\"><a href=\"https:\/\/taoravao.com\/index.php\/tao-ravao-jai-ete-impressionne-par-leur-absence-de-haine-a-propos-de-rano-rano-rano\/\" rel=\"noopener\"><img loading=\"lazy\" decoding=\"async\" class=\"aligncenter wp-image-918 size-medium\" src=\"https:\/\/taoravao.com\/wp-content\/uploads\/2021\/02\/tao-ravao-dans-revue-project-iles-photo-titre-250-300x152.jpg\" alt=\"\" width=\"300\" height=\"152\" srcset=\"https:\/\/taoravao.com\/wp-content\/uploads\/2021\/02\/tao-ravao-dans-revue-project-iles-photo-titre-250-300x152.jpg 300w, https:\/\/taoravao.com\/wp-content\/uploads\/2021\/02\/tao-ravao-dans-revue-project-iles-photo-titre-250.jpg 494w\" sizes=\"auto, (max-width: 300px) 100vw, 300px\" \/><\/a>&#8212;o&#8212;<\/p>\n","protected":false},"excerpt":{"rendered":"<p>\u00c9crit par Raharimanana\/Tao Ravao\/Pierrot Men Musique : Tao Ravao Mise-en-sc\u00e8ne : Raharimanana Photographies : Pierrot Men Vid\u00e9o : Yann Marquis Lumi\u00e8res : Viviane Vermignon\/Fabrice Son : Thierry Bedard\/Yann Marquis Conseil artistique : Thierry Bedard Distribution : Voix et interpr\u00e9tation : &hellip; <a href=\"https:\/\/taoravao.com\/index.php\/theatre\/rano-rano\/\">Continuer la lecture <span class=\"meta-nav\">&rarr;<\/span><\/a><\/p>\n","protected":false},"author":1,"featured_media":0,"parent":50,"menu_order":0,"comment_status":"closed","ping_status":"closed","template":"","meta":{"footnotes":""},"class_list":["post-53","page","type-page","status-publish","hentry"],"yoast_head":"<!-- This site is optimized with the Yoast SEO plugin v27.3 - https:\/\/yoast.com\/product\/yoast-seo-wordpress\/ -->\n<title>RANO, RANO &#8226; taoravao.com<\/title>\n<meta name=\"robots\" content=\"index, follow, max-snippet:-1, max-image-preview:large, max-video-preview:-1\" \/>\n<link rel=\"canonical\" href=\"https:\/\/taoravao.com\/index.php\/theatre\/rano-rano\/\" \/>\n<meta property=\"og:locale\" content=\"fr_FR\" \/>\n<meta property=\"og:type\" content=\"article\" \/>\n<meta property=\"og:title\" content=\"RANO, RANO &#8226; taoravao.com\" \/>\n<meta property=\"og:description\" content=\"\u00c9crit par Raharimanana\/Tao Ravao\/Pierrot Men Musique : Tao Ravao Mise-en-sc\u00e8ne : Raharimanana Photographies : Pierrot Men Vid\u00e9o : Yann Marquis Lumi\u00e8res : Viviane Vermignon\/Fabrice Son : Thierry Bedard\/Yann Marquis Conseil artistique : Thierry Bedard Distribution : Voix et interpr\u00e9tation : &hellip; Continuer la lecture &rarr;\" \/>\n<meta property=\"og:url\" content=\"https:\/\/taoravao.com\/index.php\/theatre\/rano-rano\/\" \/>\n<meta property=\"og:site_name\" content=\"taoravao.com\" \/>\n<meta property=\"article:publisher\" content=\"https:\/\/www.facebook.com\/tao.ravao\" \/>\n<meta property=\"article:modified_time\" content=\"2021-02-21T08:58:48+00:00\" \/>\n<meta property=\"og:image\" content=\"http:\/\/taoravao.com\/wp-content\/uploads\/2017\/11\/RanoRano-2014.jpg\" \/>\n<meta name=\"twitter:card\" content=\"summary_large_image\" \/>\n<meta name=\"twitter:label1\" content=\"Dur\u00e9e de lecture estim\u00e9e\" \/>\n\t<meta name=\"twitter:data1\" content=\"2 minutes\" \/>\n<script type=\"application\/ld+json\" class=\"yoast-schema-graph\">{\"@context\":\"https:\\\/\\\/schema.org\",\"@graph\":[{\"@type\":\"WebPage\",\"@id\":\"https:\\\/\\\/taoravao.com\\\/index.php\\\/theatre\\\/rano-rano\\\/\",\"url\":\"https:\\\/\\\/taoravao.com\\\/index.php\\\/theatre\\\/rano-rano\\\/\",\"name\":\"RANO, RANO &#8226; taoravao.com\",\"isPartOf\":{\"@id\":\"https:\\\/\\\/taoravao.com\\\/#website\"},\"primaryImageOfPage\":{\"@id\":\"https:\\\/\\\/taoravao.com\\\/index.php\\\/theatre\\\/rano-rano\\\/#primaryimage\"},\"image\":{\"@id\":\"https:\\\/\\\/taoravao.com\\\/index.php\\\/theatre\\\/rano-rano\\\/#primaryimage\"},\"thumbnailUrl\":\"http:\\\/\\\/taoravao.com\\\/wp-content\\\/uploads\\\/2017\\\/11\\\/RanoRano-2014.jpg\",\"datePublished\":\"2017-11-10T20:29:06+00:00\",\"dateModified\":\"2021-02-21T08:58:48+00:00\",\"breadcrumb\":{\"@id\":\"https:\\\/\\\/taoravao.com\\\/index.php\\\/theatre\\\/rano-rano\\\/#breadcrumb\"},\"inLanguage\":\"fr-FR\",\"potentialAction\":[{\"@type\":\"ReadAction\",\"target\":[\"https:\\\/\\\/taoravao.com\\\/index.php\\\/theatre\\\/rano-rano\\\/\"]}]},{\"@type\":\"ImageObject\",\"inLanguage\":\"fr-FR\",\"@id\":\"https:\\\/\\\/taoravao.com\\\/index.php\\\/theatre\\\/rano-rano\\\/#primaryimage\",\"url\":\"https:\\\/\\\/taoravao.com\\\/wp-content\\\/uploads\\\/2017\\\/11\\\/RanoRano-2014.jpg\",\"contentUrl\":\"https:\\\/\\\/taoravao.com\\\/wp-content\\\/uploads\\\/2017\\\/11\\\/RanoRano-2014.jpg\",\"width\":700,\"height\":525},{\"@type\":\"BreadcrumbList\",\"@id\":\"https:\\\/\\\/taoravao.com\\\/index.php\\\/theatre\\\/rano-rano\\\/#breadcrumb\",\"itemListElement\":[{\"@type\":\"ListItem\",\"position\":1,\"name\":\"Accueil\",\"item\":\"https:\\\/\\\/taoravao.com\\\/\"},{\"@type\":\"ListItem\",\"position\":2,\"name\":\"THE\u00c2TRE\",\"item\":\"https:\\\/\\\/taoravao.com\\\/index.php\\\/theatre\\\/\"},{\"@type\":\"ListItem\",\"position\":3,\"name\":\"RANO, RANO\"}]},{\"@type\":\"WebSite\",\"@id\":\"https:\\\/\\\/taoravao.com\\\/#website\",\"url\":\"https:\\\/\\\/taoravao.com\\\/\",\"name\":\"taoravao.com\",\"description\":\".:: Racines Crois\u00e9es ::. Crossover .:: Tao Ravao\",\"publisher\":{\"@id\":\"https:\\\/\\\/taoravao.com\\\/#\\\/schema\\\/person\\\/d7bc9657a7ebef05f83d4ec677dcb67f\"},\"potentialAction\":[{\"@type\":\"SearchAction\",\"target\":{\"@type\":\"EntryPoint\",\"urlTemplate\":\"https:\\\/\\\/taoravao.com\\\/?s={search_term_string}\"},\"query-input\":{\"@type\":\"PropertyValueSpecification\",\"valueRequired\":true,\"valueName\":\"search_term_string\"}}],\"inLanguage\":\"fr-FR\"},{\"@type\":[\"Person\",\"Organization\"],\"@id\":\"https:\\\/\\\/taoravao.com\\\/#\\\/schema\\\/person\\\/d7bc9657a7ebef05f83d4ec677dcb67f\",\"name\":\"Tao Ravao\",\"image\":{\"@type\":\"ImageObject\",\"inLanguage\":\"fr-FR\",\"@id\":\"https:\\\/\\\/secure.gravatar.com\\\/avatar\\\/109d540ccbbf002726bfd6e50bc49a1a88b06858ed302ec48b5f98b88527c8b1?s=96&d=mm&r=g\",\"url\":\"https:\\\/\\\/secure.gravatar.com\\\/avatar\\\/109d540ccbbf002726bfd6e50bc49a1a88b06858ed302ec48b5f98b88527c8b1?s=96&d=mm&r=g\",\"contentUrl\":\"https:\\\/\\\/secure.gravatar.com\\\/avatar\\\/109d540ccbbf002726bfd6e50bc49a1a88b06858ed302ec48b5f98b88527c8b1?s=96&d=mm&r=g\",\"caption\":\"Tao Ravao\"},\"logo\":{\"@id\":\"https:\\\/\\\/secure.gravatar.com\\\/avatar\\\/109d540ccbbf002726bfd6e50bc49a1a88b06858ed302ec48b5f98b88527c8b1?s=96&d=mm&r=g\"},\"sameAs\":[\"http:\\\/\\\/www.taoravao.com\",\"https:\\\/\\\/www.facebook.com\\\/tao.ravao\"]}]}<\/script>\n<!-- \/ Yoast SEO plugin. -->","yoast_head_json":{"title":"RANO, RANO &#8226; taoravao.com","robots":{"index":"index","follow":"follow","max-snippet":"max-snippet:-1","max-image-preview":"max-image-preview:large","max-video-preview":"max-video-preview:-1"},"canonical":"https:\/\/taoravao.com\/index.php\/theatre\/rano-rano\/","og_locale":"fr_FR","og_type":"article","og_title":"RANO, RANO &#8226; taoravao.com","og_description":"\u00c9crit par Raharimanana\/Tao Ravao\/Pierrot Men Musique : Tao Ravao Mise-en-sc\u00e8ne : Raharimanana Photographies : Pierrot Men Vid\u00e9o : Yann Marquis Lumi\u00e8res : Viviane Vermignon\/Fabrice Son : Thierry Bedard\/Yann Marquis Conseil artistique : Thierry Bedard Distribution : Voix et interpr\u00e9tation : &hellip; Continuer la lecture &rarr;","og_url":"https:\/\/taoravao.com\/index.php\/theatre\/rano-rano\/","og_site_name":"taoravao.com","article_publisher":"https:\/\/www.facebook.com\/tao.ravao","article_modified_time":"2021-02-21T08:58:48+00:00","og_image":[{"url":"http:\/\/taoravao.com\/wp-content\/uploads\/2017\/11\/RanoRano-2014.jpg","type":"","width":"","height":""}],"twitter_card":"summary_large_image","twitter_misc":{"Dur\u00e9e de lecture estim\u00e9e":"2 minutes"},"schema":{"@context":"https:\/\/schema.org","@graph":[{"@type":"WebPage","@id":"https:\/\/taoravao.com\/index.php\/theatre\/rano-rano\/","url":"https:\/\/taoravao.com\/index.php\/theatre\/rano-rano\/","name":"RANO, RANO &#8226; taoravao.com","isPartOf":{"@id":"https:\/\/taoravao.com\/#website"},"primaryImageOfPage":{"@id":"https:\/\/taoravao.com\/index.php\/theatre\/rano-rano\/#primaryimage"},"image":{"@id":"https:\/\/taoravao.com\/index.php\/theatre\/rano-rano\/#primaryimage"},"thumbnailUrl":"http:\/\/taoravao.com\/wp-content\/uploads\/2017\/11\/RanoRano-2014.jpg","datePublished":"2017-11-10T20:29:06+00:00","dateModified":"2021-02-21T08:58:48+00:00","breadcrumb":{"@id":"https:\/\/taoravao.com\/index.php\/theatre\/rano-rano\/#breadcrumb"},"inLanguage":"fr-FR","potentialAction":[{"@type":"ReadAction","target":["https:\/\/taoravao.com\/index.php\/theatre\/rano-rano\/"]}]},{"@type":"ImageObject","inLanguage":"fr-FR","@id":"https:\/\/taoravao.com\/index.php\/theatre\/rano-rano\/#primaryimage","url":"https:\/\/taoravao.com\/wp-content\/uploads\/2017\/11\/RanoRano-2014.jpg","contentUrl":"https:\/\/taoravao.com\/wp-content\/uploads\/2017\/11\/RanoRano-2014.jpg","width":700,"height":525},{"@type":"BreadcrumbList","@id":"https:\/\/taoravao.com\/index.php\/theatre\/rano-rano\/#breadcrumb","itemListElement":[{"@type":"ListItem","position":1,"name":"Accueil","item":"https:\/\/taoravao.com\/"},{"@type":"ListItem","position":2,"name":"THE\u00c2TRE","item":"https:\/\/taoravao.com\/index.php\/theatre\/"},{"@type":"ListItem","position":3,"name":"RANO, RANO"}]},{"@type":"WebSite","@id":"https:\/\/taoravao.com\/#website","url":"https:\/\/taoravao.com\/","name":"taoravao.com","description":".:: Racines Crois\u00e9es ::. Crossover .:: Tao Ravao","publisher":{"@id":"https:\/\/taoravao.com\/#\/schema\/person\/d7bc9657a7ebef05f83d4ec677dcb67f"},"potentialAction":[{"@type":"SearchAction","target":{"@type":"EntryPoint","urlTemplate":"https:\/\/taoravao.com\/?s={search_term_string}"},"query-input":{"@type":"PropertyValueSpecification","valueRequired":true,"valueName":"search_term_string"}}],"inLanguage":"fr-FR"},{"@type":["Person","Organization"],"@id":"https:\/\/taoravao.com\/#\/schema\/person\/d7bc9657a7ebef05f83d4ec677dcb67f","name":"Tao Ravao","image":{"@type":"ImageObject","inLanguage":"fr-FR","@id":"https:\/\/secure.gravatar.com\/avatar\/109d540ccbbf002726bfd6e50bc49a1a88b06858ed302ec48b5f98b88527c8b1?s=96&d=mm&r=g","url":"https:\/\/secure.gravatar.com\/avatar\/109d540ccbbf002726bfd6e50bc49a1a88b06858ed302ec48b5f98b88527c8b1?s=96&d=mm&r=g","contentUrl":"https:\/\/secure.gravatar.com\/avatar\/109d540ccbbf002726bfd6e50bc49a1a88b06858ed302ec48b5f98b88527c8b1?s=96&d=mm&r=g","caption":"Tao Ravao"},"logo":{"@id":"https:\/\/secure.gravatar.com\/avatar\/109d540ccbbf002726bfd6e50bc49a1a88b06858ed302ec48b5f98b88527c8b1?s=96&d=mm&r=g"},"sameAs":["http:\/\/www.taoravao.com","https:\/\/www.facebook.com\/tao.ravao"]}]}},"_links":{"self":[{"href":"https:\/\/taoravao.com\/index.php\/wp-json\/wp\/v2\/pages\/53","targetHints":{"allow":["GET"]}}],"collection":[{"href":"https:\/\/taoravao.com\/index.php\/wp-json\/wp\/v2\/pages"}],"about":[{"href":"https:\/\/taoravao.com\/index.php\/wp-json\/wp\/v2\/types\/page"}],"author":[{"embeddable":true,"href":"https:\/\/taoravao.com\/index.php\/wp-json\/wp\/v2\/users\/1"}],"replies":[{"embeddable":true,"href":"https:\/\/taoravao.com\/index.php\/wp-json\/wp\/v2\/comments?post=53"}],"version-history":[{"count":20,"href":"https:\/\/taoravao.com\/index.php\/wp-json\/wp\/v2\/pages\/53\/revisions"}],"predecessor-version":[{"id":937,"href":"https:\/\/taoravao.com\/index.php\/wp-json\/wp\/v2\/pages\/53\/revisions\/937"}],"up":[{"embeddable":true,"href":"https:\/\/taoravao.com\/index.php\/wp-json\/wp\/v2\/pages\/50"}],"wp:attachment":[{"href":"https:\/\/taoravao.com\/index.php\/wp-json\/wp\/v2\/media?parent=53"}],"curies":[{"name":"wp","href":"https:\/\/api.w.org\/{rel}","templated":true}]}}