{"id":43,"date":"2017-11-10T19:22:47","date_gmt":"2017-11-10T18:22:47","guid":{"rendered":"http:\/\/taoravao.com\/?page_id=43"},"modified":"2017-11-18T13:10:50","modified_gmt":"2017-11-18T12:10:50","slug":"la-petite-histoire-du-blues","status":"publish","type":"page","link":"https:\/\/taoravao.com\/index.php\/jeune-public\/la-petite-histoire-du-blues\/","title":{"rendered":"LA PETITE HISTOIRE DU BLUES"},"content":{"rendered":"<div id=\"attachment_166\" style=\"width: 594px\" class=\"wp-caption aligncenter\"><img loading=\"lazy\" decoding=\"async\" aria-describedby=\"caption-attachment-166\" class=\"wp-image-166 size-large\" title=\"Photo : Jocelyn Maill\u00e9 - www. Madagascar-musiques.net\" src=\"https:\/\/taoravao.com\/wp-content\/uploads\/2017\/11\/P1170129--1024x768.jpg\" alt=\"Tao Ravao \u00e0 la &quot;Bottleneck Guitar&quot;\" width=\"584\" height=\"438\" srcset=\"https:\/\/taoravao.com\/wp-content\/uploads\/2017\/11\/P1170129--1024x768.jpg 1024w, https:\/\/taoravao.com\/wp-content\/uploads\/2017\/11\/P1170129--300x225.jpg 300w, https:\/\/taoravao.com\/wp-content\/uploads\/2017\/11\/P1170129--768x576.jpg 768w, https:\/\/taoravao.com\/wp-content\/uploads\/2017\/11\/P1170129--400x300.jpg 400w, https:\/\/taoravao.com\/wp-content\/uploads\/2017\/11\/P1170129-.jpg 2048w\" sizes=\"auto, (max-width: 584px) 100vw, 584px\" \/><p id=\"caption-attachment-166\" class=\"wp-caption-text\">Tao Ravao \u00e0 la \u00ab\u00a0Bottleneck Guitar\u00a0\u00bb<\/p><\/div>\n<p>Aux Etats-Unis, le duo reste la forme la plus traditionnelle du blues, qu\u2019il soit jou\u00e9 dans les rues, sur les march\u00e9s, dans les pubs ou dans les campagnes.<br \/>\nMais le blues, qu\u2019est ce que c\u2019est ?<br \/>\nUn type qui a le cafard et qui chante son blues, c\u2019est-\u00e0-dire son mal de vivre\u2026<br \/>\n<strong><a href=\"\/index.php\/bio\/vincent-bucher\/\">Vincent Bucher<\/a><\/strong> \u00e0 l\u2019harmonica et <strong><a href=\"\/index.php\/bio\/\">Tao Ravao<\/a><\/strong> \u00e0 la guitare retracent, en musique, cette histoire du peuple noir aux Etats-Unis.<br \/>\nAujourd\u2019hui, bien que les ma\u00eetres du blues soient encore des Noirs, ce genre musical a litt\u00e9ralement \u00ab infiltr\u00e9 \u00bb tous les courants musicaux du XX\u00e8me si\u00e8cle, le jazz, le rythm\u2019n\u2019blues, le rock, le funk\u2026 et il est jou\u00e9 maintenant par les Blancs comme par les Noirs.<br \/>\nPorteurs de cette richesse, mais toujours fid\u00e8les \u00e0 leurs racines de bluesmen, Vincent et Tao jouent un blues authentique et profond, loin des clich\u00e9s. Reconnus aujourd\u2019hui comme les meilleurs du genre, ils chantent le blues, au c\u0153ur et au corps\u2026<\/p>\n<p><strong>dur\u00e9e : 55 minutes<\/strong><\/p>\n<p><span style=\"color: #651c01;\"><strong>Tao Ravao :<\/strong><br \/>\n&#8211; Chant<br \/>\n&#8211; \u00ab Boottleneck guitar \u00bb<br \/>\n&#8211; Valiha (harpe en bambou de Madagascar)<br \/>\n&#8211; Kabosy (luth de Madagascar)<\/span><\/p>\n<p><span style=\"color: #651c01;\"><strong>Vincent Bucher :<\/strong><br \/>\n&#8211; Chant<br \/>\n&#8211; Harmonica<\/span><\/p>\n<div id=\"attachment_165\" style=\"width: 594px\" class=\"wp-caption aligncenter\"><img loading=\"lazy\" decoding=\"async\" aria-describedby=\"caption-attachment-165\" class=\"wp-image-165 size-large\" title=\"Photo : Jocelyn Maill\u00e9 - www. Madagascar-musiques.net\" src=\"https:\/\/taoravao.com\/wp-content\/uploads\/2017\/11\/P1160897-vb-1024x768.jpg\" alt=\"Vincent Bucher \u00e0 l'harmonica\" width=\"584\" height=\"438\" srcset=\"https:\/\/taoravao.com\/wp-content\/uploads\/2017\/11\/P1160897-vb-1024x768.jpg 1024w, https:\/\/taoravao.com\/wp-content\/uploads\/2017\/11\/P1160897-vb-300x225.jpg 300w, https:\/\/taoravao.com\/wp-content\/uploads\/2017\/11\/P1160897-vb-768x576.jpg 768w, https:\/\/taoravao.com\/wp-content\/uploads\/2017\/11\/P1160897-vb-400x300.jpg 400w, https:\/\/taoravao.com\/wp-content\/uploads\/2017\/11\/P1160897-vb.jpg 2048w\" sizes=\"auto, (max-width: 584px) 100vw, 584px\" \/><p id=\"caption-attachment-165\" class=\"wp-caption-text\">Vincent Bucher \u00e0 l&rsquo;harmonica<\/p><\/div>\n<div class=\"wp-playlist wp-audio-playlist wp-playlist-light\">\n\t\t\t<div class=\"wp-playlist-current-item\"><\/div>\n\t\t<audio controls=\"controls\" preload=\"none\" width=\"562\"\n\t\t\t><\/audio>\n\t<div class=\"wp-playlist-next\"><\/div>\n\t<div class=\"wp-playlist-prev\"><\/div>\n\t<noscript>\n\t<ol>\n\t\t<li><a href='https:\/\/taoravao.com\/wp-content\/uploads\/2017\/11\/09-Move-On.mp3'>Move On<\/a><\/li>\t<\/ol>\n\t<\/noscript>\n\t<script type=\"application\/json\" class=\"wp-playlist-script\">{\"type\":\"audio\",\"tracklist\":false,\"tracknumbers\":true,\"images\":true,\"artists\":false,\"tracks\":[{\"src\":\"https:\/\/taoravao.com\/wp-content\/uploads\/2017\/11\/09-Move-On.mp3\",\"type\":\"audio\/mpeg\",\"title\":\"Move On\",\"caption\":\"\",\"description\":\"\\u003Ci\\u003EMove On\\u003C\/i\\u003E tir\\u00e9 de \\u003Ci\\u003ELove Call\\u003C\/i\\u003E par Tao Ravao, Vincent Bucher. Piste 9 sur 14. Genre&nbsp;: World (g\\u00e9n\\u00e9ral)\",\"meta\":{\"artist\":\"Tao Ravao, Vincent Bucher\",\"album\":\"Love Call\",\"genre\":\"World (g\\u00e9n\\u00e9ral)\",\"length_formatted\":\"2:25\"},\"image\":{\"src\":\"https:\/\/taoravao.com\/wp-includes\/images\/media\/audio.svg\",\"width\":48,\"height\":64},\"thumb\":{\"src\":\"https:\/\/taoravao.com\/wp-includes\/images\/media\/audio.svg\",\"width\":48,\"height\":64}}]}<\/script>\n<\/div>\n\t\n","protected":false},"excerpt":{"rendered":"<p>Aux Etats-Unis, le duo reste la forme la plus traditionnelle du blues, qu\u2019il soit jou\u00e9 dans les rues, sur les march\u00e9s, dans les pubs ou dans les campagnes. Mais le blues, qu\u2019est ce que c\u2019est ? Un type qui a &hellip; <a href=\"https:\/\/taoravao.com\/index.php\/jeune-public\/la-petite-histoire-du-blues\/\">Continuer la lecture <span class=\"meta-nav\">&rarr;<\/span><\/a><\/p>\n","protected":false},"author":1,"featured_media":0,"parent":38,"menu_order":0,"comment_status":"closed","ping_status":"closed","template":"","meta":{"footnotes":""},"class_list":["post-43","page","type-page","status-publish","hentry"],"yoast_head":"<!-- This site is optimized with the Yoast SEO plugin v27.4 - https:\/\/yoast.com\/product\/yoast-seo-wordpress\/ -->\n<title>LA PETITE HISTOIRE DU BLUES &#8226; taoravao.com<\/title>\n<meta name=\"robots\" content=\"index, follow, max-snippet:-1, max-image-preview:large, max-video-preview:-1\" \/>\n<link rel=\"canonical\" href=\"https:\/\/taoravao.com\/index.php\/jeune-public\/la-petite-histoire-du-blues\/\" \/>\n<meta property=\"og:locale\" content=\"fr_FR\" \/>\n<meta property=\"og:type\" content=\"article\" \/>\n<meta property=\"og:title\" content=\"LA PETITE HISTOIRE DU BLUES &#8226; taoravao.com\" \/>\n<meta property=\"og:description\" content=\"Aux Etats-Unis, le duo reste la forme la plus traditionnelle du blues, qu\u2019il soit jou\u00e9 dans les rues, sur les march\u00e9s, dans les pubs ou dans les campagnes. Mais le blues, qu\u2019est ce que c\u2019est ? Un type qui a &hellip; Continuer la lecture &rarr;\" \/>\n<meta property=\"og:url\" content=\"https:\/\/taoravao.com\/index.php\/jeune-public\/la-petite-histoire-du-blues\/\" \/>\n<meta property=\"og:site_name\" content=\"taoravao.com\" \/>\n<meta property=\"article:publisher\" content=\"https:\/\/www.facebook.com\/tao.ravao\" \/>\n<meta property=\"article:modified_time\" content=\"2017-11-18T12:10:50+00:00\" \/>\n<meta property=\"og:image\" content=\"http:\/\/taoravao.com\/wp-content\/uploads\/2017\/11\/P1170129--1024x768.jpg\" \/>\n<meta name=\"twitter:card\" content=\"summary_large_image\" \/>\n<meta name=\"twitter:label1\" content=\"Dur\u00e9e de lecture estim\u00e9e\" \/>\n\t<meta name=\"twitter:data1\" content=\"1 minute\" \/>\n<script type=\"application\/ld+json\" class=\"yoast-schema-graph\">{\"@context\":\"https:\\\/\\\/schema.org\",\"@graph\":[{\"@type\":\"WebPage\",\"@id\":\"https:\\\/\\\/taoravao.com\\\/index.php\\\/jeune-public\\\/la-petite-histoire-du-blues\\\/\",\"url\":\"https:\\\/\\\/taoravao.com\\\/index.php\\\/jeune-public\\\/la-petite-histoire-du-blues\\\/\",\"name\":\"LA PETITE HISTOIRE DU BLUES &#8226; taoravao.com\",\"isPartOf\":{\"@id\":\"https:\\\/\\\/taoravao.com\\\/#website\"},\"primaryImageOfPage\":{\"@id\":\"https:\\\/\\\/taoravao.com\\\/index.php\\\/jeune-public\\\/la-petite-histoire-du-blues\\\/#primaryimage\"},\"image\":{\"@id\":\"https:\\\/\\\/taoravao.com\\\/index.php\\\/jeune-public\\\/la-petite-histoire-du-blues\\\/#primaryimage\"},\"thumbnailUrl\":\"http:\\\/\\\/taoravao.com\\\/wp-content\\\/uploads\\\/2017\\\/11\\\/P1170129--1024x768.jpg\",\"datePublished\":\"2017-11-10T18:22:47+00:00\",\"dateModified\":\"2017-11-18T12:10:50+00:00\",\"breadcrumb\":{\"@id\":\"https:\\\/\\\/taoravao.com\\\/index.php\\\/jeune-public\\\/la-petite-histoire-du-blues\\\/#breadcrumb\"},\"inLanguage\":\"fr-FR\",\"potentialAction\":[{\"@type\":\"ReadAction\",\"target\":[\"https:\\\/\\\/taoravao.com\\\/index.php\\\/jeune-public\\\/la-petite-histoire-du-blues\\\/\"]}]},{\"@type\":\"ImageObject\",\"inLanguage\":\"fr-FR\",\"@id\":\"https:\\\/\\\/taoravao.com\\\/index.php\\\/jeune-public\\\/la-petite-histoire-du-blues\\\/#primaryimage\",\"url\":\"https:\\\/\\\/taoravao.com\\\/wp-content\\\/uploads\\\/2017\\\/11\\\/P1170129-.jpg\",\"contentUrl\":\"https:\\\/\\\/taoravao.com\\\/wp-content\\\/uploads\\\/2017\\\/11\\\/P1170129-.jpg\",\"width\":2048,\"height\":1536},{\"@type\":\"BreadcrumbList\",\"@id\":\"https:\\\/\\\/taoravao.com\\\/index.php\\\/jeune-public\\\/la-petite-histoire-du-blues\\\/#breadcrumb\",\"itemListElement\":[{\"@type\":\"ListItem\",\"position\":1,\"name\":\"Accueil\",\"item\":\"https:\\\/\\\/taoravao.com\\\/\"},{\"@type\":\"ListItem\",\"position\":2,\"name\":\"JEUNE PUBLIC\",\"item\":\"https:\\\/\\\/taoravao.com\\\/index.php\\\/jeune-public\\\/\"},{\"@type\":\"ListItem\",\"position\":3,\"name\":\"LA PETITE HISTOIRE DU BLUES\"}]},{\"@type\":\"WebSite\",\"@id\":\"https:\\\/\\\/taoravao.com\\\/#website\",\"url\":\"https:\\\/\\\/taoravao.com\\\/\",\"name\":\"taoravao.com\",\"description\":\".:: Racines Crois\u00e9es ::. Crossover .:: Tao Ravao\",\"publisher\":{\"@id\":\"https:\\\/\\\/taoravao.com\\\/#\\\/schema\\\/person\\\/d7bc9657a7ebef05f83d4ec677dcb67f\"},\"potentialAction\":[{\"@type\":\"SearchAction\",\"target\":{\"@type\":\"EntryPoint\",\"urlTemplate\":\"https:\\\/\\\/taoravao.com\\\/?s={search_term_string}\"},\"query-input\":{\"@type\":\"PropertyValueSpecification\",\"valueRequired\":true,\"valueName\":\"search_term_string\"}}],\"inLanguage\":\"fr-FR\"},{\"@type\":[\"Person\",\"Organization\"],\"@id\":\"https:\\\/\\\/taoravao.com\\\/#\\\/schema\\\/person\\\/d7bc9657a7ebef05f83d4ec677dcb67f\",\"name\":\"Tao Ravao\",\"image\":{\"@type\":\"ImageObject\",\"inLanguage\":\"fr-FR\",\"@id\":\"https:\\\/\\\/secure.gravatar.com\\\/avatar\\\/109d540ccbbf002726bfd6e50bc49a1a88b06858ed302ec48b5f98b88527c8b1?s=96&d=mm&r=g\",\"url\":\"https:\\\/\\\/secure.gravatar.com\\\/avatar\\\/109d540ccbbf002726bfd6e50bc49a1a88b06858ed302ec48b5f98b88527c8b1?s=96&d=mm&r=g\",\"contentUrl\":\"https:\\\/\\\/secure.gravatar.com\\\/avatar\\\/109d540ccbbf002726bfd6e50bc49a1a88b06858ed302ec48b5f98b88527c8b1?s=96&d=mm&r=g\",\"caption\":\"Tao Ravao\"},\"logo\":{\"@id\":\"https:\\\/\\\/secure.gravatar.com\\\/avatar\\\/109d540ccbbf002726bfd6e50bc49a1a88b06858ed302ec48b5f98b88527c8b1?s=96&d=mm&r=g\"},\"sameAs\":[\"http:\\\/\\\/www.taoravao.com\",\"https:\\\/\\\/www.facebook.com\\\/tao.ravao\"]}]}<\/script>\n<!-- \/ Yoast SEO plugin. -->","yoast_head_json":{"title":"LA PETITE HISTOIRE DU BLUES &#8226; taoravao.com","robots":{"index":"index","follow":"follow","max-snippet":"max-snippet:-1","max-image-preview":"max-image-preview:large","max-video-preview":"max-video-preview:-1"},"canonical":"https:\/\/taoravao.com\/index.php\/jeune-public\/la-petite-histoire-du-blues\/","og_locale":"fr_FR","og_type":"article","og_title":"LA PETITE HISTOIRE DU BLUES &#8226; taoravao.com","og_description":"Aux Etats-Unis, le duo reste la forme la plus traditionnelle du blues, qu\u2019il soit jou\u00e9 dans les rues, sur les march\u00e9s, dans les pubs ou dans les campagnes. Mais le blues, qu\u2019est ce que c\u2019est ? Un type qui a &hellip; Continuer la lecture &rarr;","og_url":"https:\/\/taoravao.com\/index.php\/jeune-public\/la-petite-histoire-du-blues\/","og_site_name":"taoravao.com","article_publisher":"https:\/\/www.facebook.com\/tao.ravao","article_modified_time":"2017-11-18T12:10:50+00:00","og_image":[{"url":"http:\/\/taoravao.com\/wp-content\/uploads\/2017\/11\/P1170129--1024x768.jpg","type":"","width":"","height":""}],"twitter_card":"summary_large_image","twitter_misc":{"Dur\u00e9e de lecture estim\u00e9e":"1 minute"},"schema":{"@context":"https:\/\/schema.org","@graph":[{"@type":"WebPage","@id":"https:\/\/taoravao.com\/index.php\/jeune-public\/la-petite-histoire-du-blues\/","url":"https:\/\/taoravao.com\/index.php\/jeune-public\/la-petite-histoire-du-blues\/","name":"LA PETITE HISTOIRE DU BLUES &#8226; taoravao.com","isPartOf":{"@id":"https:\/\/taoravao.com\/#website"},"primaryImageOfPage":{"@id":"https:\/\/taoravao.com\/index.php\/jeune-public\/la-petite-histoire-du-blues\/#primaryimage"},"image":{"@id":"https:\/\/taoravao.com\/index.php\/jeune-public\/la-petite-histoire-du-blues\/#primaryimage"},"thumbnailUrl":"http:\/\/taoravao.com\/wp-content\/uploads\/2017\/11\/P1170129--1024x768.jpg","datePublished":"2017-11-10T18:22:47+00:00","dateModified":"2017-11-18T12:10:50+00:00","breadcrumb":{"@id":"https:\/\/taoravao.com\/index.php\/jeune-public\/la-petite-histoire-du-blues\/#breadcrumb"},"inLanguage":"fr-FR","potentialAction":[{"@type":"ReadAction","target":["https:\/\/taoravao.com\/index.php\/jeune-public\/la-petite-histoire-du-blues\/"]}]},{"@type":"ImageObject","inLanguage":"fr-FR","@id":"https:\/\/taoravao.com\/index.php\/jeune-public\/la-petite-histoire-du-blues\/#primaryimage","url":"https:\/\/taoravao.com\/wp-content\/uploads\/2017\/11\/P1170129-.jpg","contentUrl":"https:\/\/taoravao.com\/wp-content\/uploads\/2017\/11\/P1170129-.jpg","width":2048,"height":1536},{"@type":"BreadcrumbList","@id":"https:\/\/taoravao.com\/index.php\/jeune-public\/la-petite-histoire-du-blues\/#breadcrumb","itemListElement":[{"@type":"ListItem","position":1,"name":"Accueil","item":"https:\/\/taoravao.com\/"},{"@type":"ListItem","position":2,"name":"JEUNE PUBLIC","item":"https:\/\/taoravao.com\/index.php\/jeune-public\/"},{"@type":"ListItem","position":3,"name":"LA PETITE HISTOIRE DU BLUES"}]},{"@type":"WebSite","@id":"https:\/\/taoravao.com\/#website","url":"https:\/\/taoravao.com\/","name":"taoravao.com","description":".:: Racines Crois\u00e9es ::. Crossover .:: Tao Ravao","publisher":{"@id":"https:\/\/taoravao.com\/#\/schema\/person\/d7bc9657a7ebef05f83d4ec677dcb67f"},"potentialAction":[{"@type":"SearchAction","target":{"@type":"EntryPoint","urlTemplate":"https:\/\/taoravao.com\/?s={search_term_string}"},"query-input":{"@type":"PropertyValueSpecification","valueRequired":true,"valueName":"search_term_string"}}],"inLanguage":"fr-FR"},{"@type":["Person","Organization"],"@id":"https:\/\/taoravao.com\/#\/schema\/person\/d7bc9657a7ebef05f83d4ec677dcb67f","name":"Tao Ravao","image":{"@type":"ImageObject","inLanguage":"fr-FR","@id":"https:\/\/secure.gravatar.com\/avatar\/109d540ccbbf002726bfd6e50bc49a1a88b06858ed302ec48b5f98b88527c8b1?s=96&d=mm&r=g","url":"https:\/\/secure.gravatar.com\/avatar\/109d540ccbbf002726bfd6e50bc49a1a88b06858ed302ec48b5f98b88527c8b1?s=96&d=mm&r=g","contentUrl":"https:\/\/secure.gravatar.com\/avatar\/109d540ccbbf002726bfd6e50bc49a1a88b06858ed302ec48b5f98b88527c8b1?s=96&d=mm&r=g","caption":"Tao Ravao"},"logo":{"@id":"https:\/\/secure.gravatar.com\/avatar\/109d540ccbbf002726bfd6e50bc49a1a88b06858ed302ec48b5f98b88527c8b1?s=96&d=mm&r=g"},"sameAs":["http:\/\/www.taoravao.com","https:\/\/www.facebook.com\/tao.ravao"]}]}},"_links":{"self":[{"href":"https:\/\/taoravao.com\/index.php\/wp-json\/wp\/v2\/pages\/43","targetHints":{"allow":["GET"]}}],"collection":[{"href":"https:\/\/taoravao.com\/index.php\/wp-json\/wp\/v2\/pages"}],"about":[{"href":"https:\/\/taoravao.com\/index.php\/wp-json\/wp\/v2\/types\/page"}],"author":[{"embeddable":true,"href":"https:\/\/taoravao.com\/index.php\/wp-json\/wp\/v2\/users\/1"}],"replies":[{"embeddable":true,"href":"https:\/\/taoravao.com\/index.php\/wp-json\/wp\/v2\/comments?post=43"}],"version-history":[{"count":12,"href":"https:\/\/taoravao.com\/index.php\/wp-json\/wp\/v2\/pages\/43\/revisions"}],"predecessor-version":[{"id":353,"href":"https:\/\/taoravao.com\/index.php\/wp-json\/wp\/v2\/pages\/43\/revisions\/353"}],"up":[{"embeddable":true,"href":"https:\/\/taoravao.com\/index.php\/wp-json\/wp\/v2\/pages\/38"}],"wp:attachment":[{"href":"https:\/\/taoravao.com\/index.php\/wp-json\/wp\/v2\/media?parent=43"}],"curies":[{"name":"wp","href":"https:\/\/api.w.org\/{rel}","templated":true}]}}