{"id":2,"date":"2017-11-10T17:59:52","date_gmt":"2017-11-10T16:59:52","guid":{"rendered":"http:\/\/taoravao.com\/?page_id=2"},"modified":"2017-11-22T13:44:15","modified_gmt":"2017-11-22T12:44:15","slug":"bio","status":"publish","type":"page","link":"https:\/\/taoravao.com\/index.php\/bio\/","title":{"rendered":"BIO TAO"},"content":{"rendered":"<div id=\"attachment_102\" style=\"width: 310px\" class=\"wp-caption alignright\"><img loading=\"lazy\" decoding=\"async\" aria-describedby=\"caption-attachment-102\" class=\"wp-image-102 size-medium\" title=\"Photo Yanis Beybaud - www.twelve-photography.fr\" src=\"https:\/\/taoravao.com\/wp-content\/uploads\/2017\/11\/Tao-RAVAO-CD-ABDPM-Valiha-300x300.jpg\" alt=\"Tao Ravao\" width=\"300\" height=\"300\" srcset=\"https:\/\/taoravao.com\/wp-content\/uploads\/2017\/11\/Tao-RAVAO-CD-ABDPM-Valiha-300x300.jpg 300w, https:\/\/taoravao.com\/wp-content\/uploads\/2017\/11\/Tao-RAVAO-CD-ABDPM-Valiha-150x150.jpg 150w, https:\/\/taoravao.com\/wp-content\/uploads\/2017\/11\/Tao-RAVAO-CD-ABDPM-Valiha-768x768.jpg 768w, https:\/\/taoravao.com\/wp-content\/uploads\/2017\/11\/Tao-RAVAO-CD-ABDPM-Valiha.jpg 960w\" sizes=\"auto, (max-width: 300px) 100vw, 300px\" \/><p id=\"caption-attachment-102\" class=\"wp-caption-text\">Tao Ravao &#8211; Valiha<\/p><\/div>\n<p>N\u00e9 en 1956 \u00e0 Madagasar de m\u00e8re betsil\u00e9o et de p\u00e8re fran\u00e7ais, <strong>Tao Ravao<\/strong> quitte son \u00eele natale pour la France \u00e0 l\u2019\u00e2ge de 12 ans.<\/p>\n<p>D\u2019abord mandoliniste puis banjo\u00efste, c\u2019est avec la guitare que le musicien de rue sillonne l\u2019Europe pendant sept ans. La rencontre avec <strong>Homesick James<\/strong>, le p\u00e8re du blues \u00e9lectrique, devenu son mentor, sera d\u00e9terminante. Il l\u2019accompagne en tourn\u00e9e en Italie puis \u00e0 Chicago. En 1980, Tao joue au festival de jazz de la Nouvelle-Orl\u00e9ans.\u00a0 La p\u00e9riode d\u2019initiation continuera jusqu\u2019en 1993. Il accompagne alors Big Walter Horton, Homesick James, Louisiana Red, Grady Gaines, Eddie C. Campbell.<\/p>\n<p>En 1988, de retour \u00e0 Madagascar, o\u00f9 il est fascin\u00e9 par la musique de la grande \u00eele, il fonde avec Justin Vali un trio de musique traditionnelle malgache.<\/p>\n<p>La kabosy l\u2019entra\u00eene alors autour du monde (Canada, Etats-Unis, Japon, Afrique de l\u2019Est). Son amour pour la musique malgache am\u00e8ne Tao \u00e0 r\u00e9aliser la direction artistique d&rsquo;albums du grand D\u2019Gary et de Jean \u00c9milien, de Senge et Rajery. Il r\u00e9alise \u00e9galement les disques de Ba Cissoko et S\u00e9kou Diabat\u00e9 du Bembeya Jazz.<\/p>\n<p>Tao Ravao participe \u00e0 de nombreux festivals : Vancouver, Toronto, Winnipeg, Montr\u00e9al, Austin, Tokyo, \u201cMusiques m\u00e9tisses\u201d \u00e0 Angoul\u00eame, \u201cAfricolor\u201d, etc. Il se produit r\u00e9guli\u00e8rement dans les clubs parisiens.<\/p>\n<div id=\"attachment_189\" style=\"width: 970px\" class=\"wp-caption aligncenter\"><img loading=\"lazy\" decoding=\"async\" aria-describedby=\"caption-attachment-189\" class=\"wp-image-189 size-full\" title=\"Instruments de Tao Ravao\" src=\"https:\/\/taoravao.com\/wp-content\/uploads\/2017\/11\/Resized_20170920_113623_984.jpg\" alt=\"Instruments de Tao Ravao\" width=\"960\" height=\"720\" srcset=\"https:\/\/taoravao.com\/wp-content\/uploads\/2017\/11\/Resized_20170920_113623_984.jpg 960w, https:\/\/taoravao.com\/wp-content\/uploads\/2017\/11\/Resized_20170920_113623_984-300x225.jpg 300w, https:\/\/taoravao.com\/wp-content\/uploads\/2017\/11\/Resized_20170920_113623_984-768x576.jpg 768w, https:\/\/taoravao.com\/wp-content\/uploads\/2017\/11\/Resized_20170920_113623_984-400x300.jpg 400w\" sizes=\"auto, (max-width: 960px) 100vw, 960px\" \/><p id=\"caption-attachment-189\" class=\"wp-caption-text\">Instrumentarium de Tao Ravao<\/p><\/div>\n<p>Born in Madagascar in 1956 of a Betsileo mother and a French father, <strong>Tao Ravao<\/strong> left his native island for France at the age of twelve. He took up the mandolin, then the banjo, and finally the guitar, with which he travelled all over Europe for seven years as a street musician. He met <strong>Homesick James<\/strong>, the father of electric blues, who became his mentor. Tao accompanied him on tour in Italy, then to Chicago. In 1980 Tao played at the New Orleans Jazz Festival. His initiation period continued until 1993, when he accompanied Big Walter Horton, Homesick James, Louisiana Red, Grady Gaines and Eddie C. Campbell.<\/p>\n<p>In 1988 he returned to Madagascar and was fascinated by the island\u2019s music. With Justin Vali he formed a trio, playing traditional Malagasy music.<\/p>\n<p>He then travelled all over the world playing the kabosy (Canada, United States, Japan, East Africa). Tao\u2019s love for Malagasy music led him to work as artistic director to great artists such as D\u2019Gary, Jean \u00c9milien, Sengue and Rajery. He also produced the recordings of Ba Cissoko and S\u00e9kou Diabat\u00e9 of Bembeya Jazz.<\/p>\n<p>Tao Ravao has appeared at many festivals, including Vancouver, Toronto, Winnipeg, Montreal, Austin, Tokyo, Angoul\u00eame (\u2018Musiques m\u00e9tisses\u2019) and \u2018Africolor\u2019. He appears regularly at Paris clubs.<\/p>\n<div id=\"attachment_261\" style=\"width: 594px\" class=\"wp-caption aligncenter\"><img loading=\"lazy\" decoding=\"async\" aria-describedby=\"caption-attachment-261\" class=\"wp-image-261 size-large\" title=\"Photo : Jocelyn Maill\u00e9 \/ www.Madagascar-musiques.net\" src=\"https:\/\/taoravao.com\/wp-content\/uploads\/2017\/11\/P1130821-1024x768.jpg\" alt=\"Kabosy Pays\" width=\"584\" height=\"438\" srcset=\"https:\/\/taoravao.com\/wp-content\/uploads\/2017\/11\/P1130821-1024x768.jpg 1024w, https:\/\/taoravao.com\/wp-content\/uploads\/2017\/11\/P1130821-300x225.jpg 300w, https:\/\/taoravao.com\/wp-content\/uploads\/2017\/11\/P1130821-768x576.jpg 768w, https:\/\/taoravao.com\/wp-content\/uploads\/2017\/11\/P1130821-400x300.jpg 400w\" sizes=\"auto, (max-width: 584px) 100vw, 584px\" \/><p id=\"caption-attachment-261\" class=\"wp-caption-text\">Kabosy Pays<\/p><\/div>\n<div class=\"wp-playlist wp-audio-playlist wp-playlist-light\">\n\t\t\t<div class=\"wp-playlist-current-item\"><\/div>\n\t\t<audio controls=\"controls\" preload=\"none\" width=\"562\"\n\t\t\t><\/audio>\n\t<div class=\"wp-playlist-next\"><\/div>\n\t<div class=\"wp-playlist-prev\"><\/div>\n\t<noscript>\n\t<ol>\n\t\t<li><a href='https:\/\/taoravao.com\/wp-content\/uploads\/2017\/11\/13-Mellow-Down-Easy-aka-Ny-Meva.mp3'>Mellow Down Easy aka Ny Meva<\/a><\/li>\t<\/ol>\n\t<\/noscript>\n\t<script type=\"application\/json\" class=\"wp-playlist-script\">{\"type\":\"audio\",\"tracklist\":false,\"tracknumbers\":true,\"images\":true,\"artists\":false,\"tracks\":[{\"src\":\"https:\/\/taoravao.com\/wp-content\/uploads\/2017\/11\/13-Mellow-Down-Easy-aka-Ny-Meva.mp3\",\"type\":\"audio\/mpeg\",\"title\":\"Mellow Down Easy aka Ny Meva\",\"caption\":\"\",\"description\":\"\\u003Ci\\u003EMellow Down Easy aka Ny Meva\\u003C\/i\\u003E tir\\u00e9 de \\u003Ci\\u003EVazo\\u003C\/i\\u003E par Tao Ravao, Vincent Bucher. Date de sortie&nbsp;: 2013. Piste 13 sur 13. Genre&nbsp;: World (g\\u00e9n\\u00e9ral)\",\"meta\":{\"artist\":\"Tao Ravao, Vincent Bucher\",\"album\":\"Vazo\",\"genre\":\"World (g\\u00e9n\\u00e9ral)\",\"year\":\"2013\",\"length_formatted\":\"4:19\"},\"image\":{\"src\":\"https:\/\/taoravao.com\/wp-content\/uploads\/2017\/11\/05-Famelo-mp3-image.jpg\",\"width\":450,\"height\":450},\"thumb\":{\"src\":\"https:\/\/taoravao.com\/wp-content\/uploads\/2017\/11\/05-Famelo-mp3-image-150x150.jpg\",\"width\":150,\"height\":150}}]}<\/script>\n<\/div>\n\t\n","protected":false},"excerpt":{"rendered":"<p>N\u00e9 en 1956 \u00e0 Madagasar de m\u00e8re betsil\u00e9o et de p\u00e8re fran\u00e7ais, Tao Ravao quitte son \u00eele natale pour la France \u00e0 l\u2019\u00e2ge de 12 ans. D\u2019abord mandoliniste puis banjo\u00efste, c\u2019est avec la guitare que le musicien de rue sillonne &hellip; <a href=\"https:\/\/taoravao.com\/index.php\/bio\/\">Continuer la lecture <span class=\"meta-nav\">&rarr;<\/span><\/a><\/p>\n","protected":false},"author":1,"featured_media":0,"parent":0,"menu_order":0,"comment_status":"closed","ping_status":"closed","template":"","meta":{"footnotes":""},"class_list":["post-2","page","type-page","status-publish","hentry"],"yoast_head":"<!-- This site is optimized with the Yoast SEO plugin v27.4 - https:\/\/yoast.com\/product\/yoast-seo-wordpress\/ -->\n<title>BIO TAO &#8226; taoravao.com<\/title>\n<meta name=\"robots\" content=\"index, follow, max-snippet:-1, max-image-preview:large, max-video-preview:-1\" \/>\n<link rel=\"canonical\" href=\"https:\/\/taoravao.com\/index.php\/bio\/\" \/>\n<meta property=\"og:locale\" content=\"fr_FR\" \/>\n<meta property=\"og:type\" content=\"article\" \/>\n<meta property=\"og:title\" content=\"BIO TAO &#8226; taoravao.com\" \/>\n<meta property=\"og:description\" content=\"N\u00e9 en 1956 \u00e0 Madagasar de m\u00e8re betsil\u00e9o et de p\u00e8re fran\u00e7ais, Tao Ravao quitte son \u00eele natale pour la France \u00e0 l\u2019\u00e2ge de 12 ans. D\u2019abord mandoliniste puis banjo\u00efste, c\u2019est avec la guitare que le musicien de rue sillonne &hellip; Continuer la lecture &rarr;\" \/>\n<meta property=\"og:url\" content=\"https:\/\/taoravao.com\/index.php\/bio\/\" \/>\n<meta property=\"og:site_name\" content=\"taoravao.com\" \/>\n<meta property=\"article:publisher\" content=\"https:\/\/www.facebook.com\/tao.ravao\" \/>\n<meta property=\"article:modified_time\" content=\"2017-11-22T12:44:15+00:00\" \/>\n<meta property=\"og:image\" content=\"http:\/\/taoravao.com\/wp-content\/uploads\/2017\/11\/Tao-RAVAO-CD-ABDPM-Valiha-300x300.jpg\" \/>\n<meta name=\"twitter:card\" content=\"summary_large_image\" \/>\n<meta name=\"twitter:label1\" content=\"Dur\u00e9e de lecture estim\u00e9e\" \/>\n\t<meta name=\"twitter:data1\" content=\"2 minutes\" \/>\n<script type=\"application\/ld+json\" class=\"yoast-schema-graph\">{\"@context\":\"https:\\\/\\\/schema.org\",\"@graph\":[{\"@type\":\"WebPage\",\"@id\":\"https:\\\/\\\/taoravao.com\\\/index.php\\\/bio\\\/\",\"url\":\"https:\\\/\\\/taoravao.com\\\/index.php\\\/bio\\\/\",\"name\":\"BIO TAO &#8226; taoravao.com\",\"isPartOf\":{\"@id\":\"https:\\\/\\\/taoravao.com\\\/#website\"},\"primaryImageOfPage\":{\"@id\":\"https:\\\/\\\/taoravao.com\\\/index.php\\\/bio\\\/#primaryimage\"},\"image\":{\"@id\":\"https:\\\/\\\/taoravao.com\\\/index.php\\\/bio\\\/#primaryimage\"},\"thumbnailUrl\":\"http:\\\/\\\/taoravao.com\\\/wp-content\\\/uploads\\\/2017\\\/11\\\/Tao-RAVAO-CD-ABDPM-Valiha-300x300.jpg\",\"datePublished\":\"2017-11-10T16:59:52+00:00\",\"dateModified\":\"2017-11-22T12:44:15+00:00\",\"breadcrumb\":{\"@id\":\"https:\\\/\\\/taoravao.com\\\/index.php\\\/bio\\\/#breadcrumb\"},\"inLanguage\":\"fr-FR\",\"potentialAction\":[{\"@type\":\"ReadAction\",\"target\":[\"https:\\\/\\\/taoravao.com\\\/index.php\\\/bio\\\/\"]}]},{\"@type\":\"ImageObject\",\"inLanguage\":\"fr-FR\",\"@id\":\"https:\\\/\\\/taoravao.com\\\/index.php\\\/bio\\\/#primaryimage\",\"url\":\"https:\\\/\\\/taoravao.com\\\/wp-content\\\/uploads\\\/2017\\\/11\\\/Tao-RAVAO-CD-ABDPM-Valiha.jpg\",\"contentUrl\":\"https:\\\/\\\/taoravao.com\\\/wp-content\\\/uploads\\\/2017\\\/11\\\/Tao-RAVAO-CD-ABDPM-Valiha.jpg\",\"width\":960,\"height\":960},{\"@type\":\"BreadcrumbList\",\"@id\":\"https:\\\/\\\/taoravao.com\\\/index.php\\\/bio\\\/#breadcrumb\",\"itemListElement\":[{\"@type\":\"ListItem\",\"position\":1,\"name\":\"Accueil\",\"item\":\"https:\\\/\\\/taoravao.com\\\/\"},{\"@type\":\"ListItem\",\"position\":2,\"name\":\"BIO TAO\"}]},{\"@type\":\"WebSite\",\"@id\":\"https:\\\/\\\/taoravao.com\\\/#website\",\"url\":\"https:\\\/\\\/taoravao.com\\\/\",\"name\":\"taoravao.com\",\"description\":\".:: Racines Crois\u00e9es ::. Crossover .:: Tao Ravao\",\"publisher\":{\"@id\":\"https:\\\/\\\/taoravao.com\\\/#\\\/schema\\\/person\\\/d7bc9657a7ebef05f83d4ec677dcb67f\"},\"potentialAction\":[{\"@type\":\"SearchAction\",\"target\":{\"@type\":\"EntryPoint\",\"urlTemplate\":\"https:\\\/\\\/taoravao.com\\\/?s={search_term_string}\"},\"query-input\":{\"@type\":\"PropertyValueSpecification\",\"valueRequired\":true,\"valueName\":\"search_term_string\"}}],\"inLanguage\":\"fr-FR\"},{\"@type\":[\"Person\",\"Organization\"],\"@id\":\"https:\\\/\\\/taoravao.com\\\/#\\\/schema\\\/person\\\/d7bc9657a7ebef05f83d4ec677dcb67f\",\"name\":\"Tao Ravao\",\"image\":{\"@type\":\"ImageObject\",\"inLanguage\":\"fr-FR\",\"@id\":\"https:\\\/\\\/secure.gravatar.com\\\/avatar\\\/109d540ccbbf002726bfd6e50bc49a1a88b06858ed302ec48b5f98b88527c8b1?s=96&d=mm&r=g\",\"url\":\"https:\\\/\\\/secure.gravatar.com\\\/avatar\\\/109d540ccbbf002726bfd6e50bc49a1a88b06858ed302ec48b5f98b88527c8b1?s=96&d=mm&r=g\",\"contentUrl\":\"https:\\\/\\\/secure.gravatar.com\\\/avatar\\\/109d540ccbbf002726bfd6e50bc49a1a88b06858ed302ec48b5f98b88527c8b1?s=96&d=mm&r=g\",\"caption\":\"Tao Ravao\"},\"logo\":{\"@id\":\"https:\\\/\\\/secure.gravatar.com\\\/avatar\\\/109d540ccbbf002726bfd6e50bc49a1a88b06858ed302ec48b5f98b88527c8b1?s=96&d=mm&r=g\"},\"sameAs\":[\"http:\\\/\\\/www.taoravao.com\",\"https:\\\/\\\/www.facebook.com\\\/tao.ravao\"]}]}<\/script>\n<!-- \/ Yoast SEO plugin. -->","yoast_head_json":{"title":"BIO TAO &#8226; taoravao.com","robots":{"index":"index","follow":"follow","max-snippet":"max-snippet:-1","max-image-preview":"max-image-preview:large","max-video-preview":"max-video-preview:-1"},"canonical":"https:\/\/taoravao.com\/index.php\/bio\/","og_locale":"fr_FR","og_type":"article","og_title":"BIO TAO &#8226; taoravao.com","og_description":"N\u00e9 en 1956 \u00e0 Madagasar de m\u00e8re betsil\u00e9o et de p\u00e8re fran\u00e7ais, Tao Ravao quitte son \u00eele natale pour la France \u00e0 l\u2019\u00e2ge de 12 ans. D\u2019abord mandoliniste puis banjo\u00efste, c\u2019est avec la guitare que le musicien de rue sillonne &hellip; Continuer la lecture &rarr;","og_url":"https:\/\/taoravao.com\/index.php\/bio\/","og_site_name":"taoravao.com","article_publisher":"https:\/\/www.facebook.com\/tao.ravao","article_modified_time":"2017-11-22T12:44:15+00:00","og_image":[{"url":"http:\/\/taoravao.com\/wp-content\/uploads\/2017\/11\/Tao-RAVAO-CD-ABDPM-Valiha-300x300.jpg","type":"","width":"","height":""}],"twitter_card":"summary_large_image","twitter_misc":{"Dur\u00e9e de lecture estim\u00e9e":"2 minutes"},"schema":{"@context":"https:\/\/schema.org","@graph":[{"@type":"WebPage","@id":"https:\/\/taoravao.com\/index.php\/bio\/","url":"https:\/\/taoravao.com\/index.php\/bio\/","name":"BIO TAO &#8226; taoravao.com","isPartOf":{"@id":"https:\/\/taoravao.com\/#website"},"primaryImageOfPage":{"@id":"https:\/\/taoravao.com\/index.php\/bio\/#primaryimage"},"image":{"@id":"https:\/\/taoravao.com\/index.php\/bio\/#primaryimage"},"thumbnailUrl":"http:\/\/taoravao.com\/wp-content\/uploads\/2017\/11\/Tao-RAVAO-CD-ABDPM-Valiha-300x300.jpg","datePublished":"2017-11-10T16:59:52+00:00","dateModified":"2017-11-22T12:44:15+00:00","breadcrumb":{"@id":"https:\/\/taoravao.com\/index.php\/bio\/#breadcrumb"},"inLanguage":"fr-FR","potentialAction":[{"@type":"ReadAction","target":["https:\/\/taoravao.com\/index.php\/bio\/"]}]},{"@type":"ImageObject","inLanguage":"fr-FR","@id":"https:\/\/taoravao.com\/index.php\/bio\/#primaryimage","url":"https:\/\/taoravao.com\/wp-content\/uploads\/2017\/11\/Tao-RAVAO-CD-ABDPM-Valiha.jpg","contentUrl":"https:\/\/taoravao.com\/wp-content\/uploads\/2017\/11\/Tao-RAVAO-CD-ABDPM-Valiha.jpg","width":960,"height":960},{"@type":"BreadcrumbList","@id":"https:\/\/taoravao.com\/index.php\/bio\/#breadcrumb","itemListElement":[{"@type":"ListItem","position":1,"name":"Accueil","item":"https:\/\/taoravao.com\/"},{"@type":"ListItem","position":2,"name":"BIO TAO"}]},{"@type":"WebSite","@id":"https:\/\/taoravao.com\/#website","url":"https:\/\/taoravao.com\/","name":"taoravao.com","description":".:: Racines Crois\u00e9es ::. Crossover .:: Tao Ravao","publisher":{"@id":"https:\/\/taoravao.com\/#\/schema\/person\/d7bc9657a7ebef05f83d4ec677dcb67f"},"potentialAction":[{"@type":"SearchAction","target":{"@type":"EntryPoint","urlTemplate":"https:\/\/taoravao.com\/?s={search_term_string}"},"query-input":{"@type":"PropertyValueSpecification","valueRequired":true,"valueName":"search_term_string"}}],"inLanguage":"fr-FR"},{"@type":["Person","Organization"],"@id":"https:\/\/taoravao.com\/#\/schema\/person\/d7bc9657a7ebef05f83d4ec677dcb67f","name":"Tao Ravao","image":{"@type":"ImageObject","inLanguage":"fr-FR","@id":"https:\/\/secure.gravatar.com\/avatar\/109d540ccbbf002726bfd6e50bc49a1a88b06858ed302ec48b5f98b88527c8b1?s=96&d=mm&r=g","url":"https:\/\/secure.gravatar.com\/avatar\/109d540ccbbf002726bfd6e50bc49a1a88b06858ed302ec48b5f98b88527c8b1?s=96&d=mm&r=g","contentUrl":"https:\/\/secure.gravatar.com\/avatar\/109d540ccbbf002726bfd6e50bc49a1a88b06858ed302ec48b5f98b88527c8b1?s=96&d=mm&r=g","caption":"Tao Ravao"},"logo":{"@id":"https:\/\/secure.gravatar.com\/avatar\/109d540ccbbf002726bfd6e50bc49a1a88b06858ed302ec48b5f98b88527c8b1?s=96&d=mm&r=g"},"sameAs":["http:\/\/www.taoravao.com","https:\/\/www.facebook.com\/tao.ravao"]}]}},"_links":{"self":[{"href":"https:\/\/taoravao.com\/index.php\/wp-json\/wp\/v2\/pages\/2","targetHints":{"allow":["GET"]}}],"collection":[{"href":"https:\/\/taoravao.com\/index.php\/wp-json\/wp\/v2\/pages"}],"about":[{"href":"https:\/\/taoravao.com\/index.php\/wp-json\/wp\/v2\/types\/page"}],"author":[{"embeddable":true,"href":"https:\/\/taoravao.com\/index.php\/wp-json\/wp\/v2\/users\/1"}],"replies":[{"embeddable":true,"href":"https:\/\/taoravao.com\/index.php\/wp-json\/wp\/v2\/comments?post=2"}],"version-history":[{"count":22,"href":"https:\/\/taoravao.com\/index.php\/wp-json\/wp\/v2\/pages\/2\/revisions"}],"predecessor-version":[{"id":414,"href":"https:\/\/taoravao.com\/index.php\/wp-json\/wp\/v2\/pages\/2\/revisions\/414"}],"wp:attachment":[{"href":"https:\/\/taoravao.com\/index.php\/wp-json\/wp\/v2\/media?parent=2"}],"curies":[{"name":"wp","href":"https:\/\/api.w.org\/{rel}","templated":true}]}}