{"id":150,"date":"2017-11-12T10:01:47","date_gmt":"2017-11-12T09:01:47","guid":{"rendered":"http:\/\/taoravao.com\/?page_id=150"},"modified":"2017-11-29T11:27:22","modified_gmt":"2017-11-29T10:27:22","slug":"raharimanana","status":"publish","type":"page","link":"https:\/\/taoravao.com\/index.php\/bio\/raharimanana\/","title":{"rendered":"Jean-Luc RAHARIMANANA"},"content":{"rendered":"<p><img loading=\"lazy\" decoding=\"async\" class=\"alignright wp-image-151 size-medium\" title=\"Photo : Jocelyn Maill\u00e9 \/ www.Madagascar-musiques.net\" src=\"https:\/\/taoravao.com\/wp-content\/uploads\/2017\/11\/P1070828-JeanLuc-198x300.jpg\" alt=\"\" width=\"198\" height=\"300\" srcset=\"https:\/\/taoravao.com\/wp-content\/uploads\/2017\/11\/P1070828-JeanLuc-198x300.jpg 198w, https:\/\/taoravao.com\/wp-content\/uploads\/2017\/11\/P1070828-JeanLuc-768x1162.jpg 768w, https:\/\/taoravao.com\/wp-content\/uploads\/2017\/11\/P1070828-JeanLuc-677x1024.jpg 677w\" sizes=\"auto, (max-width: 198px) 100vw, 198px\" \/>N\u00e9 en 1967 \u00e0 Antananarivo, un DEA en litt\u00e9ratures et civilisations en poche, et une premi\u00e8re pi\u00e8ce de th\u00e9\u00e2tre censur\u00e9e, Raharimanana devient journaliste pigiste \u00e0 RFI. Il enseigne ensuite le fran\u00e7ais, m\u00e9tier qu\u2019il quitte pour se plonger dans la litt\u00e9rature sans mod\u00e9ration. S\u2019attaquer aux mots et malaxer le sens jusqu\u2019\u00e0 ce que la musicalit\u00e9 des mots p\u00e9n\u00e8tre au plus profond du lecteur, devient sa pr\u00e9occupation principale, ancrer la m\u00e9moire dans le corps, et faire acte de beaut\u00e9 dans le dire et l\u2019\u00e9crit.<br \/>\nSon oeuvre, cons\u00e9quente d\u00e9j\u00e0, va du roman \u00e0 la po\u00e9sie (<em>Nour, 1947<\/em>, \u00e9ditions du Serpent \u00e0 plumes, <em>Enlacements<\/em>, \u00e9ditions Vents d&rsquo;ailleurs) du th\u00e9\u00e2tre \u00e0 l&rsquo;essai (<em>Le proph\u00e8te et le pr\u00e9sident<\/em>, Ndz\u00e9 \u00e9ditions, <em>Madagascar, 1947<\/em>, Editions Vents d&rsquo;ailleurs).<br \/>\nRaharimanana est aussi directeur de collection aux \u00e9ditions Vents d&rsquo;ailleurs. Il parainne le Festival Plumes d&rsquo;Afrique.<\/p>\n<p>&nbsp;<\/p>\n<p>&nbsp;<\/p>\n","protected":false},"excerpt":{"rendered":"<p>N\u00e9 en 1967 \u00e0 Antananarivo, un DEA en litt\u00e9ratures et civilisations en poche, et une premi\u00e8re pi\u00e8ce de th\u00e9\u00e2tre censur\u00e9e, Raharimanana devient journaliste pigiste \u00e0 RFI. Il enseigne ensuite le fran\u00e7ais, m\u00e9tier qu\u2019il quitte pour se plonger dans la litt\u00e9rature &hellip; <a href=\"https:\/\/taoravao.com\/index.php\/bio\/raharimanana\/\">Continuer la lecture <span class=\"meta-nav\">&rarr;<\/span><\/a><\/p>\n","protected":false},"author":1,"featured_media":0,"parent":2,"menu_order":3,"comment_status":"closed","ping_status":"closed","template":"","meta":{"footnotes":""},"class_list":["post-150","page","type-page","status-publish","hentry"],"yoast_head":"<!-- This site is optimized with the Yoast SEO plugin v27.3 - https:\/\/yoast.com\/product\/yoast-seo-wordpress\/ -->\n<title>Jean-Luc RAHARIMANANA &#8226; taoravao.com<\/title>\n<meta name=\"robots\" content=\"index, follow, max-snippet:-1, max-image-preview:large, max-video-preview:-1\" \/>\n<link rel=\"canonical\" href=\"https:\/\/taoravao.com\/index.php\/bio\/raharimanana\/\" \/>\n<meta property=\"og:locale\" content=\"fr_FR\" \/>\n<meta property=\"og:type\" content=\"article\" \/>\n<meta property=\"og:title\" content=\"Jean-Luc RAHARIMANANA &#8226; taoravao.com\" \/>\n<meta property=\"og:description\" content=\"N\u00e9 en 1967 \u00e0 Antananarivo, un DEA en litt\u00e9ratures et civilisations en poche, et une premi\u00e8re pi\u00e8ce de th\u00e9\u00e2tre censur\u00e9e, Raharimanana devient journaliste pigiste \u00e0 RFI. Il enseigne ensuite le fran\u00e7ais, m\u00e9tier qu\u2019il quitte pour se plonger dans la litt\u00e9rature &hellip; Continuer la lecture &rarr;\" \/>\n<meta property=\"og:url\" content=\"https:\/\/taoravao.com\/index.php\/bio\/raharimanana\/\" \/>\n<meta property=\"og:site_name\" content=\"taoravao.com\" \/>\n<meta property=\"article:publisher\" content=\"https:\/\/www.facebook.com\/tao.ravao\" \/>\n<meta property=\"article:modified_time\" content=\"2017-11-29T10:27:22+00:00\" \/>\n<meta property=\"og:image\" content=\"http:\/\/taoravao.com\/wp-content\/uploads\/2017\/11\/P1070828-JeanLuc-198x300.jpg\" \/>\n<meta name=\"twitter:card\" content=\"summary_large_image\" \/>\n<meta name=\"twitter:label1\" content=\"Dur\u00e9e de lecture estim\u00e9e\" \/>\n\t<meta name=\"twitter:data1\" content=\"1 minute\" \/>\n<script type=\"application\/ld+json\" class=\"yoast-schema-graph\">{\"@context\":\"https:\\\/\\\/schema.org\",\"@graph\":[{\"@type\":\"WebPage\",\"@id\":\"https:\\\/\\\/taoravao.com\\\/index.php\\\/bio\\\/raharimanana\\\/\",\"url\":\"https:\\\/\\\/taoravao.com\\\/index.php\\\/bio\\\/raharimanana\\\/\",\"name\":\"Jean-Luc RAHARIMANANA &#8226; taoravao.com\",\"isPartOf\":{\"@id\":\"https:\\\/\\\/taoravao.com\\\/#website\"},\"primaryImageOfPage\":{\"@id\":\"https:\\\/\\\/taoravao.com\\\/index.php\\\/bio\\\/raharimanana\\\/#primaryimage\"},\"image\":{\"@id\":\"https:\\\/\\\/taoravao.com\\\/index.php\\\/bio\\\/raharimanana\\\/#primaryimage\"},\"thumbnailUrl\":\"http:\\\/\\\/taoravao.com\\\/wp-content\\\/uploads\\\/2017\\\/11\\\/P1070828-JeanLuc-198x300.jpg\",\"datePublished\":\"2017-11-12T09:01:47+00:00\",\"dateModified\":\"2017-11-29T10:27:22+00:00\",\"breadcrumb\":{\"@id\":\"https:\\\/\\\/taoravao.com\\\/index.php\\\/bio\\\/raharimanana\\\/#breadcrumb\"},\"inLanguage\":\"fr-FR\",\"potentialAction\":[{\"@type\":\"ReadAction\",\"target\":[\"https:\\\/\\\/taoravao.com\\\/index.php\\\/bio\\\/raharimanana\\\/\"]}]},{\"@type\":\"ImageObject\",\"inLanguage\":\"fr-FR\",\"@id\":\"https:\\\/\\\/taoravao.com\\\/index.php\\\/bio\\\/raharimanana\\\/#primaryimage\",\"url\":\"https:\\\/\\\/taoravao.com\\\/wp-content\\\/uploads\\\/2017\\\/11\\\/P1070828-JeanLuc.jpg\",\"contentUrl\":\"https:\\\/\\\/taoravao.com\\\/wp-content\\\/uploads\\\/2017\\\/11\\\/P1070828-JeanLuc.jpg\",\"width\":2248,\"height\":3401},{\"@type\":\"BreadcrumbList\",\"@id\":\"https:\\\/\\\/taoravao.com\\\/index.php\\\/bio\\\/raharimanana\\\/#breadcrumb\",\"itemListElement\":[{\"@type\":\"ListItem\",\"position\":1,\"name\":\"Accueil\",\"item\":\"https:\\\/\\\/taoravao.com\\\/\"},{\"@type\":\"ListItem\",\"position\":2,\"name\":\"BIO TAO\",\"item\":\"https:\\\/\\\/taoravao.com\\\/index.php\\\/bio\\\/\"},{\"@type\":\"ListItem\",\"position\":3,\"name\":\"Jean-Luc RAHARIMANANA\"}]},{\"@type\":\"WebSite\",\"@id\":\"https:\\\/\\\/taoravao.com\\\/#website\",\"url\":\"https:\\\/\\\/taoravao.com\\\/\",\"name\":\"taoravao.com\",\"description\":\".:: Racines Crois\u00e9es ::. Crossover .:: Tao Ravao\",\"publisher\":{\"@id\":\"https:\\\/\\\/taoravao.com\\\/#\\\/schema\\\/person\\\/d7bc9657a7ebef05f83d4ec677dcb67f\"},\"potentialAction\":[{\"@type\":\"SearchAction\",\"target\":{\"@type\":\"EntryPoint\",\"urlTemplate\":\"https:\\\/\\\/taoravao.com\\\/?s={search_term_string}\"},\"query-input\":{\"@type\":\"PropertyValueSpecification\",\"valueRequired\":true,\"valueName\":\"search_term_string\"}}],\"inLanguage\":\"fr-FR\"},{\"@type\":[\"Person\",\"Organization\"],\"@id\":\"https:\\\/\\\/taoravao.com\\\/#\\\/schema\\\/person\\\/d7bc9657a7ebef05f83d4ec677dcb67f\",\"name\":\"Tao Ravao\",\"image\":{\"@type\":\"ImageObject\",\"inLanguage\":\"fr-FR\",\"@id\":\"https:\\\/\\\/secure.gravatar.com\\\/avatar\\\/109d540ccbbf002726bfd6e50bc49a1a88b06858ed302ec48b5f98b88527c8b1?s=96&d=mm&r=g\",\"url\":\"https:\\\/\\\/secure.gravatar.com\\\/avatar\\\/109d540ccbbf002726bfd6e50bc49a1a88b06858ed302ec48b5f98b88527c8b1?s=96&d=mm&r=g\",\"contentUrl\":\"https:\\\/\\\/secure.gravatar.com\\\/avatar\\\/109d540ccbbf002726bfd6e50bc49a1a88b06858ed302ec48b5f98b88527c8b1?s=96&d=mm&r=g\",\"caption\":\"Tao Ravao\"},\"logo\":{\"@id\":\"https:\\\/\\\/secure.gravatar.com\\\/avatar\\\/109d540ccbbf002726bfd6e50bc49a1a88b06858ed302ec48b5f98b88527c8b1?s=96&d=mm&r=g\"},\"sameAs\":[\"http:\\\/\\\/www.taoravao.com\",\"https:\\\/\\\/www.facebook.com\\\/tao.ravao\"]}]}<\/script>\n<!-- \/ Yoast SEO plugin. -->","yoast_head_json":{"title":"Jean-Luc RAHARIMANANA &#8226; taoravao.com","robots":{"index":"index","follow":"follow","max-snippet":"max-snippet:-1","max-image-preview":"max-image-preview:large","max-video-preview":"max-video-preview:-1"},"canonical":"https:\/\/taoravao.com\/index.php\/bio\/raharimanana\/","og_locale":"fr_FR","og_type":"article","og_title":"Jean-Luc RAHARIMANANA &#8226; taoravao.com","og_description":"N\u00e9 en 1967 \u00e0 Antananarivo, un DEA en litt\u00e9ratures et civilisations en poche, et une premi\u00e8re pi\u00e8ce de th\u00e9\u00e2tre censur\u00e9e, Raharimanana devient journaliste pigiste \u00e0 RFI. Il enseigne ensuite le fran\u00e7ais, m\u00e9tier qu\u2019il quitte pour se plonger dans la litt\u00e9rature &hellip; Continuer la lecture &rarr;","og_url":"https:\/\/taoravao.com\/index.php\/bio\/raharimanana\/","og_site_name":"taoravao.com","article_publisher":"https:\/\/www.facebook.com\/tao.ravao","article_modified_time":"2017-11-29T10:27:22+00:00","og_image":[{"url":"http:\/\/taoravao.com\/wp-content\/uploads\/2017\/11\/P1070828-JeanLuc-198x300.jpg","type":"","width":"","height":""}],"twitter_card":"summary_large_image","twitter_misc":{"Dur\u00e9e de lecture estim\u00e9e":"1 minute"},"schema":{"@context":"https:\/\/schema.org","@graph":[{"@type":"WebPage","@id":"https:\/\/taoravao.com\/index.php\/bio\/raharimanana\/","url":"https:\/\/taoravao.com\/index.php\/bio\/raharimanana\/","name":"Jean-Luc RAHARIMANANA &#8226; taoravao.com","isPartOf":{"@id":"https:\/\/taoravao.com\/#website"},"primaryImageOfPage":{"@id":"https:\/\/taoravao.com\/index.php\/bio\/raharimanana\/#primaryimage"},"image":{"@id":"https:\/\/taoravao.com\/index.php\/bio\/raharimanana\/#primaryimage"},"thumbnailUrl":"http:\/\/taoravao.com\/wp-content\/uploads\/2017\/11\/P1070828-JeanLuc-198x300.jpg","datePublished":"2017-11-12T09:01:47+00:00","dateModified":"2017-11-29T10:27:22+00:00","breadcrumb":{"@id":"https:\/\/taoravao.com\/index.php\/bio\/raharimanana\/#breadcrumb"},"inLanguage":"fr-FR","potentialAction":[{"@type":"ReadAction","target":["https:\/\/taoravao.com\/index.php\/bio\/raharimanana\/"]}]},{"@type":"ImageObject","inLanguage":"fr-FR","@id":"https:\/\/taoravao.com\/index.php\/bio\/raharimanana\/#primaryimage","url":"https:\/\/taoravao.com\/wp-content\/uploads\/2017\/11\/P1070828-JeanLuc.jpg","contentUrl":"https:\/\/taoravao.com\/wp-content\/uploads\/2017\/11\/P1070828-JeanLuc.jpg","width":2248,"height":3401},{"@type":"BreadcrumbList","@id":"https:\/\/taoravao.com\/index.php\/bio\/raharimanana\/#breadcrumb","itemListElement":[{"@type":"ListItem","position":1,"name":"Accueil","item":"https:\/\/taoravao.com\/"},{"@type":"ListItem","position":2,"name":"BIO TAO","item":"https:\/\/taoravao.com\/index.php\/bio\/"},{"@type":"ListItem","position":3,"name":"Jean-Luc RAHARIMANANA"}]},{"@type":"WebSite","@id":"https:\/\/taoravao.com\/#website","url":"https:\/\/taoravao.com\/","name":"taoravao.com","description":".:: Racines Crois\u00e9es ::. Crossover .:: Tao Ravao","publisher":{"@id":"https:\/\/taoravao.com\/#\/schema\/person\/d7bc9657a7ebef05f83d4ec677dcb67f"},"potentialAction":[{"@type":"SearchAction","target":{"@type":"EntryPoint","urlTemplate":"https:\/\/taoravao.com\/?s={search_term_string}"},"query-input":{"@type":"PropertyValueSpecification","valueRequired":true,"valueName":"search_term_string"}}],"inLanguage":"fr-FR"},{"@type":["Person","Organization"],"@id":"https:\/\/taoravao.com\/#\/schema\/person\/d7bc9657a7ebef05f83d4ec677dcb67f","name":"Tao Ravao","image":{"@type":"ImageObject","inLanguage":"fr-FR","@id":"https:\/\/secure.gravatar.com\/avatar\/109d540ccbbf002726bfd6e50bc49a1a88b06858ed302ec48b5f98b88527c8b1?s=96&d=mm&r=g","url":"https:\/\/secure.gravatar.com\/avatar\/109d540ccbbf002726bfd6e50bc49a1a88b06858ed302ec48b5f98b88527c8b1?s=96&d=mm&r=g","contentUrl":"https:\/\/secure.gravatar.com\/avatar\/109d540ccbbf002726bfd6e50bc49a1a88b06858ed302ec48b5f98b88527c8b1?s=96&d=mm&r=g","caption":"Tao Ravao"},"logo":{"@id":"https:\/\/secure.gravatar.com\/avatar\/109d540ccbbf002726bfd6e50bc49a1a88b06858ed302ec48b5f98b88527c8b1?s=96&d=mm&r=g"},"sameAs":["http:\/\/www.taoravao.com","https:\/\/www.facebook.com\/tao.ravao"]}]}},"_links":{"self":[{"href":"https:\/\/taoravao.com\/index.php\/wp-json\/wp\/v2\/pages\/150","targetHints":{"allow":["GET"]}}],"collection":[{"href":"https:\/\/taoravao.com\/index.php\/wp-json\/wp\/v2\/pages"}],"about":[{"href":"https:\/\/taoravao.com\/index.php\/wp-json\/wp\/v2\/types\/page"}],"author":[{"embeddable":true,"href":"https:\/\/taoravao.com\/index.php\/wp-json\/wp\/v2\/users\/1"}],"replies":[{"embeddable":true,"href":"https:\/\/taoravao.com\/index.php\/wp-json\/wp\/v2\/comments?post=150"}],"version-history":[{"count":6,"href":"https:\/\/taoravao.com\/index.php\/wp-json\/wp\/v2\/pages\/150\/revisions"}],"predecessor-version":[{"id":526,"href":"https:\/\/taoravao.com\/index.php\/wp-json\/wp\/v2\/pages\/150\/revisions\/526"}],"up":[{"embeddable":true,"href":"https:\/\/taoravao.com\/index.php\/wp-json\/wp\/v2\/pages\/2"}],"wp:attachment":[{"href":"https:\/\/taoravao.com\/index.php\/wp-json\/wp\/v2\/media?parent=150"}],"curies":[{"name":"wp","href":"https:\/\/api.w.org\/{rel}","templated":true}]}}