{"id":146,"date":"2017-11-11T20:18:51","date_gmt":"2017-11-11T19:18:51","guid":{"rendered":"http:\/\/taoravao.com\/?page_id=146"},"modified":"2017-11-29T11:33:57","modified_gmt":"2017-11-29T10:33:57","slug":"thomas-laurent","status":"publish","type":"page","link":"https:\/\/taoravao.com\/index.php\/bio\/thomas-laurent\/","title":{"rendered":"Thomas LAURENT"},"content":{"rendered":"<p>Thomas LAURENT<img loading=\"lazy\" decoding=\"async\" class=\"alignright wp-image-101 size-medium\" title=\"Photo : Jocelyn Maill\u00e9 \/ www.Madagascar-musiques.net\" src=\"https:\/\/taoravao.com\/wp-content\/uploads\/2017\/11\/Thomas-LAURENT-CD-ABDPM-Harmonica-300x261.jpg\" alt=\"Thomas Laurent NB\" width=\"300\" height=\"261\" srcset=\"https:\/\/taoravao.com\/wp-content\/uploads\/2017\/11\/Thomas-LAURENT-CD-ABDPM-Harmonica-300x261.jpg 300w, https:\/\/taoravao.com\/wp-content\/uploads\/2017\/11\/Thomas-LAURENT-CD-ABDPM-Harmonica-768x669.jpg 768w, https:\/\/taoravao.com\/wp-content\/uploads\/2017\/11\/Thomas-LAURENT-CD-ABDPM-Harmonica-1024x892.jpg 1024w, https:\/\/taoravao.com\/wp-content\/uploads\/2017\/11\/Thomas-LAURENT-CD-ABDPM-Harmonica-344x300.jpg 344w, https:\/\/taoravao.com\/wp-content\/uploads\/2017\/11\/Thomas-LAURENT-CD-ABDPM-Harmonica.jpg 1536w\" sizes=\"auto, (max-width: 300px) 100vw, 300px\" \/> commence l\u2019harmonica chromatique et le jazz en 2002 en prenant des cours avec l\u2019harmoniciste Laurent Maur. Il se produit dans divers groupes, notamment Orange Street (musique jamaicaine).<br \/>\nIl joue avec Tao Ravao (musique malgache, afro\u2010blues), avec le quintet du saxophoniste Rapha\u00ebl Herlem et \u00e9galement au sein du Duo Antigua (musique br\u00e9silienne, foro et choro). Il participe \u00e0 des formations de musique orientale : Liouane du oudiste Yousef Zahed ainsi que Blossom Project avec le pianiste Elie Maalouf et le oudiste Ihab Radwan.<br \/>\nPar ailleurs il joue en tant que com\u00e9dien et musicien dans un spectacle musical jeune public l\u2019Odyss\u00e9e musicale d\u2019Anatole et Tritonus au sein de la compagnie Harmoniphone.<\/p>\n<p><img loading=\"lazy\" decoding=\"async\" class=\"aligncenter wp-image-528 size-thumbnail\" src=\"https:\/\/taoravao.com\/wp-content\/uploads\/2017\/11\/IMG_3104-harmonicas-300-150x150.jpg\" alt=\"\" width=\"150\" height=\"150\" \/><\/p>\n<p>&nbsp;<\/p>\n","protected":false},"excerpt":{"rendered":"<p>Thomas LAURENT commence l\u2019harmonica chromatique et le jazz en 2002 en prenant des cours avec l\u2019harmoniciste Laurent Maur. Il se produit dans divers groupes, notamment Orange Street (musique jamaicaine). Il joue avec Tao Ravao (musique malgache, afro\u2010blues), avec le quintet &hellip; <a href=\"https:\/\/taoravao.com\/index.php\/bio\/thomas-laurent\/\">Continuer la lecture <span class=\"meta-nav\">&rarr;<\/span><\/a><\/p>\n","protected":false},"author":1,"featured_media":0,"parent":2,"menu_order":2,"comment_status":"closed","ping_status":"closed","template":"","meta":{"footnotes":""},"class_list":["post-146","page","type-page","status-publish","hentry"],"yoast_head":"<!-- This site is optimized with the Yoast SEO plugin v27.4 - https:\/\/yoast.com\/product\/yoast-seo-wordpress\/ -->\n<title>Thomas LAURENT &#8226; taoravao.com<\/title>\n<meta name=\"robots\" content=\"index, follow, max-snippet:-1, max-image-preview:large, max-video-preview:-1\" \/>\n<link rel=\"canonical\" href=\"https:\/\/taoravao.com\/index.php\/bio\/thomas-laurent\/\" \/>\n<meta property=\"og:locale\" content=\"fr_FR\" \/>\n<meta property=\"og:type\" content=\"article\" \/>\n<meta property=\"og:title\" content=\"Thomas LAURENT &#8226; taoravao.com\" \/>\n<meta property=\"og:description\" content=\"Thomas LAURENT commence l\u2019harmonica chromatique et le jazz en 2002 en prenant des cours avec l\u2019harmoniciste Laurent Maur. Il se produit dans divers groupes, notamment Orange Street (musique jamaicaine). Il joue avec Tao Ravao (musique malgache, afro\u2010blues), avec le quintet &hellip; Continuer la lecture &rarr;\" \/>\n<meta property=\"og:url\" content=\"https:\/\/taoravao.com\/index.php\/bio\/thomas-laurent\/\" \/>\n<meta property=\"og:site_name\" content=\"taoravao.com\" \/>\n<meta property=\"article:publisher\" content=\"https:\/\/www.facebook.com\/tao.ravao\" \/>\n<meta property=\"article:modified_time\" content=\"2017-11-29T10:33:57+00:00\" \/>\n<meta property=\"og:image\" content=\"http:\/\/taoravao.com\/wp-content\/uploads\/2017\/11\/Thomas-LAURENT-CD-ABDPM-Harmonica-300x261.jpg\" \/>\n<meta name=\"twitter:card\" content=\"summary_large_image\" \/>\n<meta name=\"twitter:label1\" content=\"Dur\u00e9e de lecture estim\u00e9e\" \/>\n\t<meta name=\"twitter:data1\" content=\"1 minute\" \/>\n<script type=\"application\/ld+json\" class=\"yoast-schema-graph\">{\"@context\":\"https:\\\/\\\/schema.org\",\"@graph\":[{\"@type\":\"WebPage\",\"@id\":\"https:\\\/\\\/taoravao.com\\\/index.php\\\/bio\\\/thomas-laurent\\\/\",\"url\":\"https:\\\/\\\/taoravao.com\\\/index.php\\\/bio\\\/thomas-laurent\\\/\",\"name\":\"Thomas LAURENT &#8226; taoravao.com\",\"isPartOf\":{\"@id\":\"https:\\\/\\\/taoravao.com\\\/#website\"},\"primaryImageOfPage\":{\"@id\":\"https:\\\/\\\/taoravao.com\\\/index.php\\\/bio\\\/thomas-laurent\\\/#primaryimage\"},\"image\":{\"@id\":\"https:\\\/\\\/taoravao.com\\\/index.php\\\/bio\\\/thomas-laurent\\\/#primaryimage\"},\"thumbnailUrl\":\"http:\\\/\\\/taoravao.com\\\/wp-content\\\/uploads\\\/2017\\\/11\\\/Thomas-LAURENT-CD-ABDPM-Harmonica-300x261.jpg\",\"datePublished\":\"2017-11-11T19:18:51+00:00\",\"dateModified\":\"2017-11-29T10:33:57+00:00\",\"breadcrumb\":{\"@id\":\"https:\\\/\\\/taoravao.com\\\/index.php\\\/bio\\\/thomas-laurent\\\/#breadcrumb\"},\"inLanguage\":\"fr-FR\",\"potentialAction\":[{\"@type\":\"ReadAction\",\"target\":[\"https:\\\/\\\/taoravao.com\\\/index.php\\\/bio\\\/thomas-laurent\\\/\"]}]},{\"@type\":\"ImageObject\",\"inLanguage\":\"fr-FR\",\"@id\":\"https:\\\/\\\/taoravao.com\\\/index.php\\\/bio\\\/thomas-laurent\\\/#primaryimage\",\"url\":\"https:\\\/\\\/taoravao.com\\\/wp-content\\\/uploads\\\/2017\\\/11\\\/Thomas-LAURENT-CD-ABDPM-Harmonica.jpg\",\"contentUrl\":\"https:\\\/\\\/taoravao.com\\\/wp-content\\\/uploads\\\/2017\\\/11\\\/Thomas-LAURENT-CD-ABDPM-Harmonica.jpg\",\"width\":1536,\"height\":1338},{\"@type\":\"BreadcrumbList\",\"@id\":\"https:\\\/\\\/taoravao.com\\\/index.php\\\/bio\\\/thomas-laurent\\\/#breadcrumb\",\"itemListElement\":[{\"@type\":\"ListItem\",\"position\":1,\"name\":\"Accueil\",\"item\":\"https:\\\/\\\/taoravao.com\\\/\"},{\"@type\":\"ListItem\",\"position\":2,\"name\":\"BIO TAO\",\"item\":\"https:\\\/\\\/taoravao.com\\\/index.php\\\/bio\\\/\"},{\"@type\":\"ListItem\",\"position\":3,\"name\":\"Thomas LAURENT\"}]},{\"@type\":\"WebSite\",\"@id\":\"https:\\\/\\\/taoravao.com\\\/#website\",\"url\":\"https:\\\/\\\/taoravao.com\\\/\",\"name\":\"taoravao.com\",\"description\":\".:: Racines Crois\u00e9es ::. Crossover .:: Tao Ravao\",\"publisher\":{\"@id\":\"https:\\\/\\\/taoravao.com\\\/#\\\/schema\\\/person\\\/d7bc9657a7ebef05f83d4ec677dcb67f\"},\"potentialAction\":[{\"@type\":\"SearchAction\",\"target\":{\"@type\":\"EntryPoint\",\"urlTemplate\":\"https:\\\/\\\/taoravao.com\\\/?s={search_term_string}\"},\"query-input\":{\"@type\":\"PropertyValueSpecification\",\"valueRequired\":true,\"valueName\":\"search_term_string\"}}],\"inLanguage\":\"fr-FR\"},{\"@type\":[\"Person\",\"Organization\"],\"@id\":\"https:\\\/\\\/taoravao.com\\\/#\\\/schema\\\/person\\\/d7bc9657a7ebef05f83d4ec677dcb67f\",\"name\":\"Tao Ravao\",\"image\":{\"@type\":\"ImageObject\",\"inLanguage\":\"fr-FR\",\"@id\":\"https:\\\/\\\/secure.gravatar.com\\\/avatar\\\/109d540ccbbf002726bfd6e50bc49a1a88b06858ed302ec48b5f98b88527c8b1?s=96&d=mm&r=g\",\"url\":\"https:\\\/\\\/secure.gravatar.com\\\/avatar\\\/109d540ccbbf002726bfd6e50bc49a1a88b06858ed302ec48b5f98b88527c8b1?s=96&d=mm&r=g\",\"contentUrl\":\"https:\\\/\\\/secure.gravatar.com\\\/avatar\\\/109d540ccbbf002726bfd6e50bc49a1a88b06858ed302ec48b5f98b88527c8b1?s=96&d=mm&r=g\",\"caption\":\"Tao Ravao\"},\"logo\":{\"@id\":\"https:\\\/\\\/secure.gravatar.com\\\/avatar\\\/109d540ccbbf002726bfd6e50bc49a1a88b06858ed302ec48b5f98b88527c8b1?s=96&d=mm&r=g\"},\"sameAs\":[\"http:\\\/\\\/www.taoravao.com\",\"https:\\\/\\\/www.facebook.com\\\/tao.ravao\"]}]}<\/script>\n<!-- \/ Yoast SEO plugin. -->","yoast_head_json":{"title":"Thomas LAURENT &#8226; taoravao.com","robots":{"index":"index","follow":"follow","max-snippet":"max-snippet:-1","max-image-preview":"max-image-preview:large","max-video-preview":"max-video-preview:-1"},"canonical":"https:\/\/taoravao.com\/index.php\/bio\/thomas-laurent\/","og_locale":"fr_FR","og_type":"article","og_title":"Thomas LAURENT &#8226; taoravao.com","og_description":"Thomas LAURENT commence l\u2019harmonica chromatique et le jazz en 2002 en prenant des cours avec l\u2019harmoniciste Laurent Maur. Il se produit dans divers groupes, notamment Orange Street (musique jamaicaine). Il joue avec Tao Ravao (musique malgache, afro\u2010blues), avec le quintet &hellip; Continuer la lecture &rarr;","og_url":"https:\/\/taoravao.com\/index.php\/bio\/thomas-laurent\/","og_site_name":"taoravao.com","article_publisher":"https:\/\/www.facebook.com\/tao.ravao","article_modified_time":"2017-11-29T10:33:57+00:00","og_image":[{"url":"http:\/\/taoravao.com\/wp-content\/uploads\/2017\/11\/Thomas-LAURENT-CD-ABDPM-Harmonica-300x261.jpg","type":"","width":"","height":""}],"twitter_card":"summary_large_image","twitter_misc":{"Dur\u00e9e de lecture estim\u00e9e":"1 minute"},"schema":{"@context":"https:\/\/schema.org","@graph":[{"@type":"WebPage","@id":"https:\/\/taoravao.com\/index.php\/bio\/thomas-laurent\/","url":"https:\/\/taoravao.com\/index.php\/bio\/thomas-laurent\/","name":"Thomas LAURENT &#8226; taoravao.com","isPartOf":{"@id":"https:\/\/taoravao.com\/#website"},"primaryImageOfPage":{"@id":"https:\/\/taoravao.com\/index.php\/bio\/thomas-laurent\/#primaryimage"},"image":{"@id":"https:\/\/taoravao.com\/index.php\/bio\/thomas-laurent\/#primaryimage"},"thumbnailUrl":"http:\/\/taoravao.com\/wp-content\/uploads\/2017\/11\/Thomas-LAURENT-CD-ABDPM-Harmonica-300x261.jpg","datePublished":"2017-11-11T19:18:51+00:00","dateModified":"2017-11-29T10:33:57+00:00","breadcrumb":{"@id":"https:\/\/taoravao.com\/index.php\/bio\/thomas-laurent\/#breadcrumb"},"inLanguage":"fr-FR","potentialAction":[{"@type":"ReadAction","target":["https:\/\/taoravao.com\/index.php\/bio\/thomas-laurent\/"]}]},{"@type":"ImageObject","inLanguage":"fr-FR","@id":"https:\/\/taoravao.com\/index.php\/bio\/thomas-laurent\/#primaryimage","url":"https:\/\/taoravao.com\/wp-content\/uploads\/2017\/11\/Thomas-LAURENT-CD-ABDPM-Harmonica.jpg","contentUrl":"https:\/\/taoravao.com\/wp-content\/uploads\/2017\/11\/Thomas-LAURENT-CD-ABDPM-Harmonica.jpg","width":1536,"height":1338},{"@type":"BreadcrumbList","@id":"https:\/\/taoravao.com\/index.php\/bio\/thomas-laurent\/#breadcrumb","itemListElement":[{"@type":"ListItem","position":1,"name":"Accueil","item":"https:\/\/taoravao.com\/"},{"@type":"ListItem","position":2,"name":"BIO TAO","item":"https:\/\/taoravao.com\/index.php\/bio\/"},{"@type":"ListItem","position":3,"name":"Thomas LAURENT"}]},{"@type":"WebSite","@id":"https:\/\/taoravao.com\/#website","url":"https:\/\/taoravao.com\/","name":"taoravao.com","description":".:: Racines Crois\u00e9es ::. Crossover .:: Tao Ravao","publisher":{"@id":"https:\/\/taoravao.com\/#\/schema\/person\/d7bc9657a7ebef05f83d4ec677dcb67f"},"potentialAction":[{"@type":"SearchAction","target":{"@type":"EntryPoint","urlTemplate":"https:\/\/taoravao.com\/?s={search_term_string}"},"query-input":{"@type":"PropertyValueSpecification","valueRequired":true,"valueName":"search_term_string"}}],"inLanguage":"fr-FR"},{"@type":["Person","Organization"],"@id":"https:\/\/taoravao.com\/#\/schema\/person\/d7bc9657a7ebef05f83d4ec677dcb67f","name":"Tao Ravao","image":{"@type":"ImageObject","inLanguage":"fr-FR","@id":"https:\/\/secure.gravatar.com\/avatar\/109d540ccbbf002726bfd6e50bc49a1a88b06858ed302ec48b5f98b88527c8b1?s=96&d=mm&r=g","url":"https:\/\/secure.gravatar.com\/avatar\/109d540ccbbf002726bfd6e50bc49a1a88b06858ed302ec48b5f98b88527c8b1?s=96&d=mm&r=g","contentUrl":"https:\/\/secure.gravatar.com\/avatar\/109d540ccbbf002726bfd6e50bc49a1a88b06858ed302ec48b5f98b88527c8b1?s=96&d=mm&r=g","caption":"Tao Ravao"},"logo":{"@id":"https:\/\/secure.gravatar.com\/avatar\/109d540ccbbf002726bfd6e50bc49a1a88b06858ed302ec48b5f98b88527c8b1?s=96&d=mm&r=g"},"sameAs":["http:\/\/www.taoravao.com","https:\/\/www.facebook.com\/tao.ravao"]}]}},"_links":{"self":[{"href":"https:\/\/taoravao.com\/index.php\/wp-json\/wp\/v2\/pages\/146","targetHints":{"allow":["GET"]}}],"collection":[{"href":"https:\/\/taoravao.com\/index.php\/wp-json\/wp\/v2\/pages"}],"about":[{"href":"https:\/\/taoravao.com\/index.php\/wp-json\/wp\/v2\/types\/page"}],"author":[{"embeddable":true,"href":"https:\/\/taoravao.com\/index.php\/wp-json\/wp\/v2\/users\/1"}],"replies":[{"embeddable":true,"href":"https:\/\/taoravao.com\/index.php\/wp-json\/wp\/v2\/comments?post=146"}],"version-history":[{"count":5,"href":"https:\/\/taoravao.com\/index.php\/wp-json\/wp\/v2\/pages\/146\/revisions"}],"predecessor-version":[{"id":530,"href":"https:\/\/taoravao.com\/index.php\/wp-json\/wp\/v2\/pages\/146\/revisions\/530"}],"up":[{"embeddable":true,"href":"https:\/\/taoravao.com\/index.php\/wp-json\/wp\/v2\/pages\/2"}],"wp:attachment":[{"href":"https:\/\/taoravao.com\/index.php\/wp-json\/wp\/v2\/media?parent=146"}],"curies":[{"name":"wp","href":"https:\/\/api.w.org\/{rel}","templated":true}]}}