{"id":1354,"date":"2024-11-23T10:39:18","date_gmt":"2024-11-23T09:39:18","guid":{"rendered":"https:\/\/taoravao.com\/?page_id=1354"},"modified":"2024-11-24T06:26:35","modified_gmt":"2024-11-24T05:26:35","slug":"marathon-poetique","status":"publish","type":"page","link":"https:\/\/taoravao.com\/index.php\/marathon-poetique\/","title":{"rendered":"MARATHON PO\u00c9TIQUE"},"content":{"rendered":"\n<figure class=\"wp-block-image size-full is-resized\"><img loading=\"lazy\" decoding=\"async\" width=\"700\" height=\"700\" src=\"https:\/\/taoravao.com\/wp-content\/uploads\/2024\/11\/JL_RAHARIMANANA-Tao_RAVAO-Marathon-Poetique-P1460276-700.jpg\" alt=\"JL RAHARIMANANA Tao RAVAO Marathon-Poetique\" class=\"wp-image-1358\" style=\"width:536px;height:auto\" srcset=\"https:\/\/taoravao.com\/wp-content\/uploads\/2024\/11\/JL_RAHARIMANANA-Tao_RAVAO-Marathon-Poetique-P1460276-700.jpg 700w, https:\/\/taoravao.com\/wp-content\/uploads\/2024\/11\/JL_RAHARIMANANA-Tao_RAVAO-Marathon-Poetique-P1460276-700-300x300.jpg 300w, https:\/\/taoravao.com\/wp-content\/uploads\/2024\/11\/JL_RAHARIMANANA-Tao_RAVAO-Marathon-Poetique-P1460276-700-150x150.jpg 150w\" sizes=\"auto, (max-width: 700px) 100vw, 700px\" \/><\/figure>\n\n\n\n<p><strong>Textes : Raharimanana<br>Musiques : Tao Ravao (cordes) <br>Interpr\u00e9tation : Raharimanana (voix)<\/strong> <strong>Tao Ravao (cordes)<\/strong><\/p>\n\n\n\n<p>Accompagn\u00e9 de <a href=\"\/index.php\/bio\/\"><strong>Tao Ravao<\/strong><\/a> polyinstrumentaliste, cr\u00e9ateur du blues malgache, virtuose des instruments traditionnels, <a href=\"\/index.php\/bio\/rahariman\"><strong>Raharimanana<\/strong><\/a> lit des po\u00e8mes de des diff\u00e9rents recueils des po\u00e8mes.<\/p>\n\n\n\n<p><strong>Dur\u00e9e du spectacle : 60 mn<\/strong><\/p>\n\n\n\n<p><strong>Origine du spectacle <\/strong>: Pour la fin des Jeux Olympiques de Paris 2024, un grand bouquet final a eu lieu sous la forme d\u2019un marathon de po\u00e9sie, le 7 septembre 2024 de 14h \u00e0 minuit sur la place du Ch\u00e2telet et dans le th\u00e9\u00e2tre de la Ville, pour transmettre la flamme po\u00e9tique \u00e0 la Ville de Los Angeles.<\/p>\n\n\n\n<p>Jean-Luc Raharimanana, accompagn\u00e9 de Tao Ravao, \u00e9tait parmi les 20 po\u00e8tes francophones au programme ce jour l\u00e0 avec cinq po\u00e8mes : <\/p>\n\n\n\n<ul class=\"wp-block-list\">\n<li>Je m&rsquo;enracine<\/li>\n\n\n\n<li>Il faut apprendre le soleil&nbsp;<\/li>\n\n\n\n<li>La danse du semeur&nbsp;<\/li>\n\n\n\n<li>La terre n&rsquo;est pas malade<\/li>\n\n\n\n<li>Ne force pas le monde&nbsp;<\/li>\n<\/ul>\n\n\n\n<p>tir\u00e9s du recueil \u00ab\u00a0<strong><em>La Voix, le Loin<\/em><\/strong>\u00ab\u00a0, publi\u00e9 chez Asmod\u00e9e Edern \u00e9ditions, Bruxelles 2024.<\/p>\n\n\n\n<figure class=\"wp-block-image size-full\"><a href=\"https:\/\/www.youtube.com\/live\/zkLCTyl_dxo?t=30790s\" target=\"_blank\" rel=\" noreferrer noopener\"><img loading=\"lazy\" decoding=\"async\" width=\"889\" height=\"500\" src=\"https:\/\/taoravao.com\/wp-content\/uploads\/2024\/11\/JL_RAHARIMANANA-Tao-RAVAO-Marathon-Poetique-IMG_20240907_222427-500.jpg\" alt=\"JL RAHARIMANANA Tao RAVAO Marathon-Poetique\" class=\"wp-image-1369\" srcset=\"https:\/\/taoravao.com\/wp-content\/uploads\/2024\/11\/JL_RAHARIMANANA-Tao-RAVAO-Marathon-Poetique-IMG_20240907_222427-500.jpg 889w, https:\/\/taoravao.com\/wp-content\/uploads\/2024\/11\/JL_RAHARIMANANA-Tao-RAVAO-Marathon-Poetique-IMG_20240907_222427-500-300x169.jpg 300w, https:\/\/taoravao.com\/wp-content\/uploads\/2024\/11\/JL_RAHARIMANANA-Tao-RAVAO-Marathon-Poetique-IMG_20240907_222427-500-768x432.jpg 768w, https:\/\/taoravao.com\/wp-content\/uploads\/2024\/11\/JL_RAHARIMANANA-Tao-RAVAO-Marathon-Poetique-IMG_20240907_222427-500-500x281.jpg 500w\" sizes=\"auto, (max-width: 889px) 100vw, 889px\" \/><\/a><\/figure>\n\n\n\n<p class=\"has-text-align-center has-small-font-size\"><a href=\"https:\/\/www.youtube.com\/live\/zkLCTyl_dxo?t=30790s\" target=\"_blank\" rel=\"noreferrer noopener\"><strong>Captation vid\u00e9o<\/strong> du spectacle<\/a> (22 mn) jou\u00e9 place du Ch\u00e2telet \u00e0 Paris le 7 septembre 2024 <br>(<a href=\"https:\/\/www.youtube.com\/live\/zkLCTyl_dxo?t=30790s\" target=\"_blank\" rel=\"noreferrer noopener\"><em>cliquez sur l&rsquo;image<\/em><\/a>)<\/p>\n\n\n\n<div style=\"height:20px\" aria-hidden=\"true\" class=\"wp-block-spacer\"><\/div>\n\n\n\n<figure class=\"wp-block-image size-full\"><img loading=\"lazy\" decoding=\"async\" width=\"1006\" height=\"700\" src=\"https:\/\/taoravao.com\/wp-content\/uploads\/2024\/11\/JL_RAHARIMANANA-Tao_RAVAO-Marathon-Poetique-montageweb-700.jpg\" alt=\"\nJL_RAHARIMANANA &amp; Tao RAVAO au Marathon-Poetique\" class=\"wp-image-1362\" srcset=\"https:\/\/taoravao.com\/wp-content\/uploads\/2024\/11\/JL_RAHARIMANANA-Tao_RAVAO-Marathon-Poetique-montageweb-700.jpg 1006w, https:\/\/taoravao.com\/wp-content\/uploads\/2024\/11\/JL_RAHARIMANANA-Tao_RAVAO-Marathon-Poetique-montageweb-700-300x209.jpg 300w, https:\/\/taoravao.com\/wp-content\/uploads\/2024\/11\/JL_RAHARIMANANA-Tao_RAVAO-Marathon-Poetique-montageweb-700-768x534.jpg 768w, https:\/\/taoravao.com\/wp-content\/uploads\/2024\/11\/JL_RAHARIMANANA-Tao_RAVAO-Marathon-Poetique-montageweb-700-431x300.jpg 431w\" sizes=\"auto, (max-width: 1006px) 100vw, 1006px\" \/><\/figure>\n\n\n\n<p>.<\/p>\n","protected":false},"excerpt":{"rendered":"<p>Textes : RaharimananaMusiques : Tao Ravao (cordes) Interpr\u00e9tation : Raharimanana (voix) Tao Ravao (cordes) Accompagn\u00e9 de Tao Ravao polyinstrumentaliste, cr\u00e9ateur du blues malgache, virtuose des instruments traditionnels, Raharimanana lit des po\u00e8mes de des diff\u00e9rents recueils des po\u00e8mes. Dur\u00e9e du spectacle &hellip; <a href=\"https:\/\/taoravao.com\/index.php\/marathon-poetique\/\">Continuer la lecture <span class=\"meta-nav\">&rarr;<\/span><\/a><\/p>\n","protected":false},"author":3,"featured_media":0,"parent":0,"menu_order":0,"comment_status":"closed","ping_status":"closed","template":"","meta":{"footnotes":""},"class_list":["post-1354","page","type-page","status-publish","hentry"],"yoast_head":"<!-- This site is optimized with the Yoast SEO plugin v27.4 - https:\/\/yoast.com\/product\/yoast-seo-wordpress\/ -->\n<title>MARATHON PO\u00c9TIQUE &#8226; taoravao.com<\/title>\n<meta name=\"robots\" content=\"index, follow, max-snippet:-1, max-image-preview:large, max-video-preview:-1\" \/>\n<link rel=\"canonical\" href=\"https:\/\/taoravao.com\/index.php\/marathon-poetique\/\" \/>\n<meta property=\"og:locale\" content=\"fr_FR\" \/>\n<meta property=\"og:type\" content=\"article\" \/>\n<meta property=\"og:title\" content=\"MARATHON PO\u00c9TIQUE &#8226; taoravao.com\" \/>\n<meta property=\"og:description\" content=\"Textes : RaharimananaMusiques : Tao Ravao (cordes) Interpr\u00e9tation : Raharimanana (voix) Tao Ravao (cordes) Accompagn\u00e9 de Tao Ravao polyinstrumentaliste, cr\u00e9ateur du blues malgache, virtuose des instruments traditionnels, Raharimanana lit des po\u00e8mes de des diff\u00e9rents recueils des po\u00e8mes. Dur\u00e9e du spectacle &hellip; Continuer la lecture &rarr;\" \/>\n<meta property=\"og:url\" content=\"https:\/\/taoravao.com\/index.php\/marathon-poetique\/\" \/>\n<meta property=\"og:site_name\" content=\"taoravao.com\" \/>\n<meta property=\"article:publisher\" content=\"https:\/\/www.facebook.com\/tao.ravao\" \/>\n<meta property=\"article:modified_time\" content=\"2024-11-24T05:26:35+00:00\" \/>\n<meta property=\"og:image\" content=\"https:\/\/taoravao.com\/wp-content\/uploads\/2024\/11\/JL_RAHARIMANANA-Tao_RAVAO-Marathon-Poetique-P1460276-700.jpg\" \/>\n\t<meta property=\"og:image:width\" content=\"700\" \/>\n\t<meta property=\"og:image:height\" content=\"700\" \/>\n\t<meta property=\"og:image:type\" content=\"image\/jpeg\" \/>\n<meta name=\"twitter:card\" content=\"summary_large_image\" \/>\n<meta name=\"twitter:label1\" content=\"Dur\u00e9e de lecture estim\u00e9e\" \/>\n\t<meta name=\"twitter:data1\" content=\"2 minutes\" \/>\n<script type=\"application\/ld+json\" class=\"yoast-schema-graph\">{\"@context\":\"https:\\\/\\\/schema.org\",\"@graph\":[{\"@type\":\"WebPage\",\"@id\":\"https:\\\/\\\/taoravao.com\\\/index.php\\\/marathon-poetique\\\/\",\"url\":\"https:\\\/\\\/taoravao.com\\\/index.php\\\/marathon-poetique\\\/\",\"name\":\"MARATHON PO\u00c9TIQUE &#8226; taoravao.com\",\"isPartOf\":{\"@id\":\"https:\\\/\\\/taoravao.com\\\/#website\"},\"primaryImageOfPage\":{\"@id\":\"https:\\\/\\\/taoravao.com\\\/index.php\\\/marathon-poetique\\\/#primaryimage\"},\"image\":{\"@id\":\"https:\\\/\\\/taoravao.com\\\/index.php\\\/marathon-poetique\\\/#primaryimage\"},\"thumbnailUrl\":\"https:\\\/\\\/taoravao.com\\\/wp-content\\\/uploads\\\/2024\\\/11\\\/JL_RAHARIMANANA-Tao_RAVAO-Marathon-Poetique-P1460276-700.jpg\",\"datePublished\":\"2024-11-23T09:39:18+00:00\",\"dateModified\":\"2024-11-24T05:26:35+00:00\",\"breadcrumb\":{\"@id\":\"https:\\\/\\\/taoravao.com\\\/index.php\\\/marathon-poetique\\\/#breadcrumb\"},\"inLanguage\":\"fr-FR\",\"potentialAction\":[{\"@type\":\"ReadAction\",\"target\":[\"https:\\\/\\\/taoravao.com\\\/index.php\\\/marathon-poetique\\\/\"]}]},{\"@type\":\"ImageObject\",\"inLanguage\":\"fr-FR\",\"@id\":\"https:\\\/\\\/taoravao.com\\\/index.php\\\/marathon-poetique\\\/#primaryimage\",\"url\":\"https:\\\/\\\/taoravao.com\\\/wp-content\\\/uploads\\\/2024\\\/11\\\/JL_RAHARIMANANA-Tao_RAVAO-Marathon-Poetique-P1460276-700.jpg\",\"contentUrl\":\"https:\\\/\\\/taoravao.com\\\/wp-content\\\/uploads\\\/2024\\\/11\\\/JL_RAHARIMANANA-Tao_RAVAO-Marathon-Poetique-P1460276-700.jpg\",\"width\":700,\"height\":700,\"caption\":\"JL RAHARIMANANA Tao RAVAO Marathon-Poetique\"},{\"@type\":\"BreadcrumbList\",\"@id\":\"https:\\\/\\\/taoravao.com\\\/index.php\\\/marathon-poetique\\\/#breadcrumb\",\"itemListElement\":[{\"@type\":\"ListItem\",\"position\":1,\"name\":\"Accueil\",\"item\":\"https:\\\/\\\/taoravao.com\\\/\"},{\"@type\":\"ListItem\",\"position\":2,\"name\":\"MARATHON PO\u00c9TIQUE\"}]},{\"@type\":\"WebSite\",\"@id\":\"https:\\\/\\\/taoravao.com\\\/#website\",\"url\":\"https:\\\/\\\/taoravao.com\\\/\",\"name\":\"taoravao.com\",\"description\":\".:: Racines Crois\u00e9es ::. Crossover .:: Tao Ravao\",\"publisher\":{\"@id\":\"https:\\\/\\\/taoravao.com\\\/#\\\/schema\\\/person\\\/d7bc9657a7ebef05f83d4ec677dcb67f\"},\"potentialAction\":[{\"@type\":\"SearchAction\",\"target\":{\"@type\":\"EntryPoint\",\"urlTemplate\":\"https:\\\/\\\/taoravao.com\\\/?s={search_term_string}\"},\"query-input\":{\"@type\":\"PropertyValueSpecification\",\"valueRequired\":true,\"valueName\":\"search_term_string\"}}],\"inLanguage\":\"fr-FR\"},{\"@type\":[\"Person\",\"Organization\"],\"@id\":\"https:\\\/\\\/taoravao.com\\\/#\\\/schema\\\/person\\\/d7bc9657a7ebef05f83d4ec677dcb67f\",\"name\":\"Tao Ravao\",\"image\":{\"@type\":\"ImageObject\",\"inLanguage\":\"fr-FR\",\"@id\":\"https:\\\/\\\/secure.gravatar.com\\\/avatar\\\/109d540ccbbf002726bfd6e50bc49a1a88b06858ed302ec48b5f98b88527c8b1?s=96&d=mm&r=g\",\"url\":\"https:\\\/\\\/secure.gravatar.com\\\/avatar\\\/109d540ccbbf002726bfd6e50bc49a1a88b06858ed302ec48b5f98b88527c8b1?s=96&d=mm&r=g\",\"contentUrl\":\"https:\\\/\\\/secure.gravatar.com\\\/avatar\\\/109d540ccbbf002726bfd6e50bc49a1a88b06858ed302ec48b5f98b88527c8b1?s=96&d=mm&r=g\",\"caption\":\"Tao Ravao\"},\"logo\":{\"@id\":\"https:\\\/\\\/secure.gravatar.com\\\/avatar\\\/109d540ccbbf002726bfd6e50bc49a1a88b06858ed302ec48b5f98b88527c8b1?s=96&d=mm&r=g\"},\"sameAs\":[\"http:\\\/\\\/www.taoravao.com\",\"https:\\\/\\\/www.facebook.com\\\/tao.ravao\"]}]}<\/script>\n<!-- \/ Yoast SEO plugin. -->","yoast_head_json":{"title":"MARATHON PO\u00c9TIQUE &#8226; taoravao.com","robots":{"index":"index","follow":"follow","max-snippet":"max-snippet:-1","max-image-preview":"max-image-preview:large","max-video-preview":"max-video-preview:-1"},"canonical":"https:\/\/taoravao.com\/index.php\/marathon-poetique\/","og_locale":"fr_FR","og_type":"article","og_title":"MARATHON PO\u00c9TIQUE &#8226; taoravao.com","og_description":"Textes : RaharimananaMusiques : Tao Ravao (cordes) Interpr\u00e9tation : Raharimanana (voix) Tao Ravao (cordes) Accompagn\u00e9 de Tao Ravao polyinstrumentaliste, cr\u00e9ateur du blues malgache, virtuose des instruments traditionnels, Raharimanana lit des po\u00e8mes de des diff\u00e9rents recueils des po\u00e8mes. Dur\u00e9e du spectacle &hellip; Continuer la lecture &rarr;","og_url":"https:\/\/taoravao.com\/index.php\/marathon-poetique\/","og_site_name":"taoravao.com","article_publisher":"https:\/\/www.facebook.com\/tao.ravao","article_modified_time":"2024-11-24T05:26:35+00:00","og_image":[{"width":700,"height":700,"url":"https:\/\/taoravao.com\/wp-content\/uploads\/2024\/11\/JL_RAHARIMANANA-Tao_RAVAO-Marathon-Poetique-P1460276-700.jpg","type":"image\/jpeg"}],"twitter_card":"summary_large_image","twitter_misc":{"Dur\u00e9e de lecture estim\u00e9e":"2 minutes"},"schema":{"@context":"https:\/\/schema.org","@graph":[{"@type":"WebPage","@id":"https:\/\/taoravao.com\/index.php\/marathon-poetique\/","url":"https:\/\/taoravao.com\/index.php\/marathon-poetique\/","name":"MARATHON PO\u00c9TIQUE &#8226; taoravao.com","isPartOf":{"@id":"https:\/\/taoravao.com\/#website"},"primaryImageOfPage":{"@id":"https:\/\/taoravao.com\/index.php\/marathon-poetique\/#primaryimage"},"image":{"@id":"https:\/\/taoravao.com\/index.php\/marathon-poetique\/#primaryimage"},"thumbnailUrl":"https:\/\/taoravao.com\/wp-content\/uploads\/2024\/11\/JL_RAHARIMANANA-Tao_RAVAO-Marathon-Poetique-P1460276-700.jpg","datePublished":"2024-11-23T09:39:18+00:00","dateModified":"2024-11-24T05:26:35+00:00","breadcrumb":{"@id":"https:\/\/taoravao.com\/index.php\/marathon-poetique\/#breadcrumb"},"inLanguage":"fr-FR","potentialAction":[{"@type":"ReadAction","target":["https:\/\/taoravao.com\/index.php\/marathon-poetique\/"]}]},{"@type":"ImageObject","inLanguage":"fr-FR","@id":"https:\/\/taoravao.com\/index.php\/marathon-poetique\/#primaryimage","url":"https:\/\/taoravao.com\/wp-content\/uploads\/2024\/11\/JL_RAHARIMANANA-Tao_RAVAO-Marathon-Poetique-P1460276-700.jpg","contentUrl":"https:\/\/taoravao.com\/wp-content\/uploads\/2024\/11\/JL_RAHARIMANANA-Tao_RAVAO-Marathon-Poetique-P1460276-700.jpg","width":700,"height":700,"caption":"JL RAHARIMANANA Tao RAVAO Marathon-Poetique"},{"@type":"BreadcrumbList","@id":"https:\/\/taoravao.com\/index.php\/marathon-poetique\/#breadcrumb","itemListElement":[{"@type":"ListItem","position":1,"name":"Accueil","item":"https:\/\/taoravao.com\/"},{"@type":"ListItem","position":2,"name":"MARATHON PO\u00c9TIQUE"}]},{"@type":"WebSite","@id":"https:\/\/taoravao.com\/#website","url":"https:\/\/taoravao.com\/","name":"taoravao.com","description":".:: Racines Crois\u00e9es ::. Crossover .:: Tao Ravao","publisher":{"@id":"https:\/\/taoravao.com\/#\/schema\/person\/d7bc9657a7ebef05f83d4ec677dcb67f"},"potentialAction":[{"@type":"SearchAction","target":{"@type":"EntryPoint","urlTemplate":"https:\/\/taoravao.com\/?s={search_term_string}"},"query-input":{"@type":"PropertyValueSpecification","valueRequired":true,"valueName":"search_term_string"}}],"inLanguage":"fr-FR"},{"@type":["Person","Organization"],"@id":"https:\/\/taoravao.com\/#\/schema\/person\/d7bc9657a7ebef05f83d4ec677dcb67f","name":"Tao Ravao","image":{"@type":"ImageObject","inLanguage":"fr-FR","@id":"https:\/\/secure.gravatar.com\/avatar\/109d540ccbbf002726bfd6e50bc49a1a88b06858ed302ec48b5f98b88527c8b1?s=96&d=mm&r=g","url":"https:\/\/secure.gravatar.com\/avatar\/109d540ccbbf002726bfd6e50bc49a1a88b06858ed302ec48b5f98b88527c8b1?s=96&d=mm&r=g","contentUrl":"https:\/\/secure.gravatar.com\/avatar\/109d540ccbbf002726bfd6e50bc49a1a88b06858ed302ec48b5f98b88527c8b1?s=96&d=mm&r=g","caption":"Tao Ravao"},"logo":{"@id":"https:\/\/secure.gravatar.com\/avatar\/109d540ccbbf002726bfd6e50bc49a1a88b06858ed302ec48b5f98b88527c8b1?s=96&d=mm&r=g"},"sameAs":["http:\/\/www.taoravao.com","https:\/\/www.facebook.com\/tao.ravao"]}]}},"_links":{"self":[{"href":"https:\/\/taoravao.com\/index.php\/wp-json\/wp\/v2\/pages\/1354","targetHints":{"allow":["GET"]}}],"collection":[{"href":"https:\/\/taoravao.com\/index.php\/wp-json\/wp\/v2\/pages"}],"about":[{"href":"https:\/\/taoravao.com\/index.php\/wp-json\/wp\/v2\/types\/page"}],"author":[{"embeddable":true,"href":"https:\/\/taoravao.com\/index.php\/wp-json\/wp\/v2\/users\/3"}],"replies":[{"embeddable":true,"href":"https:\/\/taoravao.com\/index.php\/wp-json\/wp\/v2\/comments?post=1354"}],"version-history":[{"count":7,"href":"https:\/\/taoravao.com\/index.php\/wp-json\/wp\/v2\/pages\/1354\/revisions"}],"predecessor-version":[{"id":1372,"href":"https:\/\/taoravao.com\/index.php\/wp-json\/wp\/v2\/pages\/1354\/revisions\/1372"}],"wp:attachment":[{"href":"https:\/\/taoravao.com\/index.php\/wp-json\/wp\/v2\/media?parent=1354"}],"curies":[{"name":"wp","href":"https:\/\/api.w.org\/{rel}","templated":true}]}}